{"id":10002,"date":"2022-08-25T08:36:20","date_gmt":"2022-08-25T06:36:20","guid":{"rendered":"https:\/\/igh01.worksite.ch\/?page_id=10002"},"modified":"2024-09-11T13:23:57","modified_gmt":"2024-09-11T11:23:57","slug":"dataexpert","status":"publish","type":"page","link":"https:\/\/igh01.worksite.ch\/fr\/produkte\/dokumente\/dataexpert\/","title":{"rendered":"DataExpert"},"content":{"rendered":"\t\t<div data-elementor-type=\"wp-page\" data-elementor-id=\"10002\" class=\"elementor elementor-10002 elementor-4469\" data-elementor-post-type=\"page\">\n\t\t\t\t<div class=\"elementor-element elementor-element-9c785a3 e-flex e-con-boxed e-con e-parent\" data-id=\"9c785a3\" data-element_type=\"container\" data-e-type=\"container\" data-settings=\"{&quot;background_background&quot;:&quot;classic&quot;}\">\n\t\t\t\t\t<div class=\"e-con-inner\">\n\t\t<div class=\"elementor-element elementor-element-1212a53 e-con-full e-flex e-con e-parent\" data-id=\"1212a53\" data-element_type=\"container\" data-e-type=\"container\" data-settings=\"{&quot;background_background&quot;:&quot;classic&quot;}\">\n\t\t\t\t<div class=\"elementor-element elementor-element-9444160 elementor-invisible elementor-widget elementor-widget-heading\" data-id=\"9444160\" data-element_type=\"widget\" data-e-type=\"widget\" data-settings=\"{&quot;_animation&quot;:&quot;fadeInDown&quot;}\" data-widget_type=\"heading.default\">\n\t\t\t\t\t<h1 class=\"elementor-heading-title elementor-size-default\">DataExpert<sup>\u00ae<\/sup><\/h1>\t\t\t\t<\/div>\n\t\t\t\t<div class=\"elementor-element elementor-element-1e6f522 elementor-widget elementor-widget-html\" data-id=\"1e6f522\" data-element_type=\"widget\" data-e-type=\"widget\" data-widget_type=\"html.default\">\n\t\t\t\t\t<nav aria-label=\"breadcrumbs\" class=\"rank-math-breadcrumb\"><p><span class=\"last\">Home<\/span><\/p><\/nav>\t\t\t\t<\/div>\n\t\t\t\t<\/div>\n\t\t\t\t\t<\/div>\n\t\t\t\t<\/div>\n\t\t<div class=\"elementor-element elementor-element-da738f4 e-flex e-con-boxed e-con e-parent\" data-id=\"da738f4\" data-element_type=\"container\" data-e-type=\"container\" data-settings=\"{&quot;background_background&quot;:&quot;classic&quot;}\">\n\t\t\t\t\t<div class=\"e-con-inner\">\n\t\t<div class=\"elementor-element elementor-element-3effad73 e-con-full e-flex e-con e-parent\" data-id=\"3effad73\" data-element_type=\"container\" data-e-type=\"container\" data-settings=\"{&quot;background_background&quot;:&quot;classic&quot;}\">\n\t\t<div class=\"elementor-element elementor-element-7a5ce705 e-flex e-con-boxed e-con e-parent\" data-id=\"7a5ce705\" data-element_type=\"container\" data-e-type=\"container\" data-settings=\"{&quot;background_background&quot;:&quot;classic&quot;}\">\n\t\t\t\t\t<div class=\"e-con-inner\">\n\t\t\t\t<div class=\"elementor-element elementor-element-2b573650 elementor-invisible elementor-widget elementor-widget-heading\" data-id=\"2b573650\" data-element_type=\"widget\" data-e-type=\"widget\" data-settings=\"{&quot;_animation&quot;:&quot;fadeInDown&quot;}\" data-widget_type=\"heading.default\">\n\t\t\t\t\t<h2 class=\"elementor-heading-title elementor-size-default\">DataExpert<sup>\u00ae<\/sup><\/h2>\t\t\t\t<\/div>\n\t\t\t\t<div class=\"elementor-element elementor-element-4c7c22c3 elementor-invisible elementor-widget elementor-widget-text-editor\" data-id=\"4c7c22c3\" data-element_type=\"widget\" data-e-type=\"widget\" data-settings=\"{&quot;_animation&quot;:&quot;fadeInDown&quot;,&quot;_animation_delay&quot;:500}\" data-widget_type=\"text-editor.default\">\n\t\t\t\t\t\t\t\t\t<p>La marque DataExpert<sup>\u00ae<\/sup> est synonyme de communication normalis\u00e9e des donn\u00e9es dans le secteur du b\u00e2timent. Elle comprend aussi bien le service web DataExpert<sup>\u00ae<\/sup>, ses m\u00e9thodes ainsi que tous les processus (ikk, demande, offre, commande, confirmation de commande, appel, bulletin de livraison, facture, note de cr\u00e9dit).<\/p>\t\t\t\t\t\t\t\t<\/div>\n\t\t\t\t\t<\/div>\n\t\t\t\t<\/div>\n\t\t\t\t<\/div>\n\t\t<div class=\"elementor-element elementor-element-58a8a7a8 e-con-full e-flex e-con e-parent\" data-id=\"58a8a7a8\" data-element_type=\"container\" data-e-type=\"container\" data-settings=\"{&quot;background_background&quot;:&quot;classic&quot;}\">\n\t\t<div class=\"elementor-element elementor-element-1561694d e-con-full e-flex e-con e-parent\" data-id=\"1561694d\" data-element_type=\"container\" data-e-type=\"container\" data-settings=\"{&quot;background_background&quot;:&quot;classic&quot;}\">\n\t\t\t\t<div class=\"elementor-element elementor-element-5d0c273a elementor-widget elementor-widget-image\" data-id=\"5d0c273a\" data-element_type=\"widget\" data-e-type=\"widget\" data-widget_type=\"image.default\">\n\t\t\t\t\t\t\t\t\t\t\t\t\t\t\t<img fetchpriority=\"high\" decoding=\"async\" width=\"384\" height=\"512\" src=\"https:\/\/igh01.worksite.ch\/wp-content\/uploads\/2022\/06\/dataexpert1-1.svg\" class=\"attachment-large size-large wp-image-1167\" alt=\"\" \/>\t\t\t\t\t\t\t\t\t\t\t\t\t\t\t<\/div>\n\t\t\t\t<\/div>\n\t\t\t\t<\/div>\n\t\t\t\t\t<\/div>\n\t\t\t\t<\/div>\n\t\t<div class=\"elementor-element elementor-element-75319f7 e-flex e-con-boxed e-con e-parent\" data-id=\"75319f7\" data-element_type=\"container\" data-e-type=\"container\" data-settings=\"{&quot;background_background&quot;:&quot;classic&quot;}\">\n\t\t\t\t\t<div class=\"e-con-inner\">\n\t\t<div class=\"elementor-element elementor-element-803df9e e-con-full e-flex e-con e-parent\" data-id=\"803df9e\" data-element_type=\"container\" data-e-type=\"container\">\n\t\t\t\t<div class=\"elementor-element elementor-element-7fca3e7 elementor-widget elementor-widget-image\" data-id=\"7fca3e7\" data-element_type=\"widget\" data-e-type=\"widget\" data-widget_type=\"image.default\">\n\t\t\t\t\t\t\t\t\t\t\t\t\t\t\t<img decoding=\"async\" width=\"637\" height=\"435\" src=\"https:\/\/igh01.worksite.ch\/wp-content\/uploads\/2022\/11\/erwerb-mitgliedschaft.svg\" class=\"attachment-large size-large wp-image-7503\" alt=\"\" \/>\t\t\t\t\t\t\t\t\t\t\t\t\t\t\t<\/div>\n\t\t\t\t<\/div>\n\t\t<div class=\"elementor-element elementor-element-81ec31f e-con-full e-flex e-con e-parent\" data-id=\"81ec31f\" data-element_type=\"container\" data-e-type=\"container\">\n\t\t\t\t<div class=\"elementor-element elementor-element-9aa7adf elementor-invisible elementor-widget elementor-widget-heading\" data-id=\"9aa7adf\" data-element_type=\"widget\" data-e-type=\"widget\" data-settings=\"{&quot;_animation&quot;:&quot;fadeInDown&quot;}\" data-widget_type=\"heading.default\">\n\t\t\t\t\t<h2 class=\"elementor-heading-title elementor-size-default\">Un standard de grande port\u00e9e\n<\/h2>\t\t\t\t<\/div>\n\t\t\t\t<div class=\"elementor-element elementor-element-3cf4ddc elementor-invisible elementor-widget elementor-widget-text-editor\" data-id=\"3cf4ddc\" data-element_type=\"widget\" data-e-type=\"widget\" data-settings=\"{&quot;_animation&quot;:&quot;fadeInDown&quot;}\" data-widget_type=\"text-editor.default\">\n\t\t\t\t\t\t\t\t\tAvec le standard DataExpert<sup>\u00ae<\/sup>, IGH met \u00e0 disposition le format sur lequel misent \u00e9galement nos partenaires logiciels (fournisseurs d&rsquo;applications sectorielles). Cela apporte une avance d\u00e9cisive&#8230;\t\t\t\t\t\t\t\t<\/div>\n\t\t\t\t<\/div>\n\t\t\t\t\t<\/div>\n\t\t\t\t<\/div>\n\t\t<div class=\"elementor-element elementor-element-3bb31b2 e-flex e-con-boxed e-con e-parent\" data-id=\"3bb31b2\" data-element_type=\"container\" data-e-type=\"container\" data-settings=\"{&quot;background_background&quot;:&quot;classic&quot;}\">\n\t\t\t\t\t<div class=\"e-con-inner\">\n\t\t<div class=\"elementor-element elementor-element-46d8fcf e-con-full e-flex e-con e-parent\" data-id=\"46d8fcf\" data-element_type=\"container\" data-e-type=\"container\" data-settings=\"{&quot;background_background&quot;:&quot;classic&quot;}\">\n\t\t\t\t<div class=\"elementor-element elementor-element-eccaad5 elementor-widget elementor-widget-html\" data-id=\"eccaad5\" data-element_type=\"widget\" data-e-type=\"widget\" data-widget_type=\"html.default\">\n\t\t\t\t\t<div id=\"iframeigh\"><\/div>\n    \n<script type=\"text\/javascript\" src=\"https:\/\/docs.igh01.worksite.ch\/js\/pym.js\"><\/script>\n<script>var pymParent = new pym.Parent('iframeigh', 'https:\/\/docs.igh01.worksite.ch\/seiten\/documente030000_fr.html', {});<\/script>\t\t\t\t<\/div>\n\t\t\t\t<\/div>\n\t\t\t\t\t<\/div>\n\t\t\t\t<\/div>\n\t\t\t\t<\/div>\n\t\t","protected":false},"excerpt":{"rendered":"<p>DataExpert\u00ae DataExpert\u00ae La marque DataExpert\u00ae est synonyme de communication normalis\u00e9e des donn\u00e9es dans le secteur du b\u00e2timent. Elle comprend aussi bien le service web DataExpert\u00ae, ses m\u00e9thodes ainsi que tous les processus (ikk, demande, offre, commande, confirmation de commande, appel, bulletin de livraison, facture, note de cr\u00e9dit). Un standard de grande port\u00e9e Avec le standard [&hellip;]<\/p>\n","protected":false},"author":1,"featured_media":0,"parent":9937,"menu_order":3,"comment_status":"closed","ping_status":"closed","template":"","meta":{"footnotes":""},"class_list":["post-10002","page","type-page","status-publish","hentry"],"_links":{"self":[{"href":"https:\/\/igh01.worksite.ch\/fr\/wp-json\/wp\/v2\/pages\/10002","targetHints":{"allow":["GET"]}}],"collection":[{"href":"https:\/\/igh01.worksite.ch\/fr\/wp-json\/wp\/v2\/pages"}],"about":[{"href":"https:\/\/igh01.worksite.ch\/fr\/wp-json\/wp\/v2\/types\/page"}],"author":[{"embeddable":true,"href":"https:\/\/igh01.worksite.ch\/fr\/wp-json\/wp\/v2\/users\/1"}],"replies":[{"embeddable":true,"href":"https:\/\/igh01.worksite.ch\/fr\/wp-json\/wp\/v2\/comments?post=10002"}],"version-history":[{"count":0,"href":"https:\/\/igh01.worksite.ch\/fr\/wp-json\/wp\/v2\/pages\/10002\/revisions"}],"up":[{"embeddable":true,"href":"https:\/\/igh01.worksite.ch\/fr\/wp-json\/wp\/v2\/pages\/9937"}],"wp:attachment":[{"href":"https:\/\/igh01.worksite.ch\/fr\/wp-json\/wp\/v2\/media?parent=10002"}],"curies":[{"name":"wp","href":"https:\/\/api.w.org\/{rel}","templated":true}]}}