{"id":10100,"date":"2022-11-23T09:48:20","date_gmt":"2022-11-23T08:48:20","guid":{"rendered":"https:\/\/igh01.worksite.ch\/?page_id=10100"},"modified":"2024-09-11T13:25:01","modified_gmt":"2024-09-11T11:25:01","slug":"mobileapps","status":"publish","type":"page","link":"https:\/\/igh01.worksite.ch\/fr\/produkte\/dokumente\/mobileapps\/","title":{"rendered":"Applications mobiles"},"content":{"rendered":"\t\t<div data-elementor-type=\"wp-page\" data-elementor-id=\"10100\" class=\"elementor elementor-10100 elementor-8191\" data-elementor-post-type=\"page\">\n\t\t\t\t<div class=\"elementor-element elementor-element-eec0e92 e-flex e-con-boxed e-con e-parent\" data-id=\"eec0e92\" data-element_type=\"container\" data-e-type=\"container\" data-settings=\"{&quot;background_background&quot;:&quot;classic&quot;}\">\n\t\t\t\t\t<div class=\"e-con-inner\">\n\t\t<div class=\"elementor-element elementor-element-0aa66a0 e-con-full e-flex e-con e-child\" data-id=\"0aa66a0\" data-element_type=\"container\" data-e-type=\"container\" data-settings=\"{&quot;background_background&quot;:&quot;classic&quot;}\">\n\t\t\t\t<div class=\"elementor-element elementor-element-6f36b3a elementor-invisible elementor-widget elementor-widget-heading\" data-id=\"6f36b3a\" data-element_type=\"widget\" data-e-type=\"widget\" data-settings=\"{&quot;_animation&quot;:&quot;fadeInDown&quot;}\" data-widget_type=\"heading.default\">\n\t\t\t\t\t<h1 class=\"elementor-heading-title elementor-size-default\">Applications mobiles<\/h1>\t\t\t\t<\/div>\n\t\t\t\t<div class=\"elementor-element elementor-element-6474461 elementor-widget elementor-widget-html\" data-id=\"6474461\" data-element_type=\"widget\" data-e-type=\"widget\" data-widget_type=\"html.default\">\n\t\t\t\t\t<nav aria-label=\"breadcrumbs\" class=\"rank-math-breadcrumb\"><p><span class=\"last\">Home<\/span><\/p><\/nav>\t\t\t\t<\/div>\n\t\t\t\t<\/div>\n\t\t\t\t\t<\/div>\n\t\t\t\t<\/div>\n\t\t<div class=\"elementor-element elementor-element-da738f4 e-flex e-con-boxed e-con e-parent\" data-id=\"da738f4\" data-element_type=\"container\" data-e-type=\"container\" data-settings=\"{&quot;background_background&quot;:&quot;classic&quot;}\">\n\t\t\t\t\t<div class=\"e-con-inner\">\n\t\t<div class=\"elementor-element elementor-element-3effad73 e-con-full e-flex e-con e-child\" data-id=\"3effad73\" data-element_type=\"container\" data-e-type=\"container\" data-settings=\"{&quot;background_background&quot;:&quot;classic&quot;}\">\n\t\t<div class=\"elementor-element elementor-element-7a5ce705 e-flex e-con-boxed e-con e-child\" data-id=\"7a5ce705\" data-element_type=\"container\" data-e-type=\"container\" data-settings=\"{&quot;background_background&quot;:&quot;classic&quot;}\">\n\t\t\t\t\t<div class=\"e-con-inner\">\n\t\t\t\t<div class=\"elementor-element elementor-element-2b573650 elementor-invisible elementor-widget elementor-widget-heading\" data-id=\"2b573650\" data-element_type=\"widget\" data-e-type=\"widget\" data-settings=\"{&quot;_animation&quot;:&quot;fadeInDown&quot;}\" data-widget_type=\"heading.default\">\n\t\t\t\t\t<h2 class=\"elementor-heading-title elementor-size-default\">En route avec les donn\u00e9es\n<\/h2>\t\t\t\t<\/div>\n\t\t\t\t<div class=\"elementor-element elementor-element-4c7c22c3 elementor-invisible elementor-widget elementor-widget-text-editor\" data-id=\"4c7c22c3\" data-element_type=\"widget\" data-e-type=\"widget\" data-settings=\"{&quot;_animation&quot;:&quot;fadeInDown&quot;,&quot;_animation_delay&quot;:500}\" data-widget_type=\"text-editor.default\">\n\t\t\t\t\t\t\t\t\t<p>Les donn\u00e9es et les processus sont \u00e9galement disponibles sur le chantier ou lors des visites aux clients. Pour cela, toutes les personnes int\u00e9ress\u00e9es ont la possibilit\u00e9 de t\u00e9l\u00e9charger gratuitement l&rsquo;application ScanApp d&rsquo;IGH sur leur appareil.<\/p>\t\t\t\t\t\t\t\t<\/div>\n\t\t\t\t\t<\/div>\n\t\t\t\t<\/div>\n\t\t\t\t<\/div>\n\t\t<div class=\"elementor-element elementor-element-58a8a7a8 e-con-full e-flex e-con e-child\" data-id=\"58a8a7a8\" data-element_type=\"container\" data-e-type=\"container\" data-settings=\"{&quot;background_background&quot;:&quot;video&quot;,&quot;background_video_link&quot;:&quot;https:\\\/\\\/igh01.worksite.ch\\\/wp-content\\\/uploads\\\/2022\\\/11\\\/1280x720_igh-software-kommunikation.mp4&quot;,&quot;background_play_on_mobile&quot;:&quot;yes&quot;}\">\n\t\t<div class=\"elementor-background-video-container\">\n\t\t\t\t\t\t\t<video class=\"elementor-background-video-hosted\" role=\"presentation\" autoplay muted playsinline loop><\/video>\n\t\t\t\t\t<\/div><div class=\"elementor-element elementor-element-1561694d e-con-full e-flex e-con e-child\" data-id=\"1561694d\" data-element_type=\"container\" data-e-type=\"container\" data-settings=\"{&quot;background_background&quot;:&quot;classic&quot;}\">\n\t\t\t\t<div class=\"elementor-element elementor-element-5d0c273a elementor-widget elementor-widget-image\" data-id=\"5d0c273a\" data-element_type=\"widget\" data-e-type=\"widget\" data-widget_type=\"image.default\">\n\t\t\t\t\t\t\t\t\t\t\t\t\t\t\t<img fetchpriority=\"high\" decoding=\"async\" width=\"384\" height=\"512\" src=\"https:\/\/igh01.worksite.ch\/wp-content\/uploads\/2022\/06\/mobile1.svg\" class=\"attachment-large size-large wp-image-1185\" alt=\"\" \/>\t\t\t\t\t\t\t\t\t\t\t\t\t\t\t<\/div>\n\t\t\t\t<\/div>\n\t\t\t\t<\/div>\n\t\t\t\t\t<\/div>\n\t\t\t\t<\/div>\n\t\t<div class=\"elementor-element elementor-element-c39751e e-flex e-con-boxed e-con e-parent\" data-id=\"c39751e\" data-element_type=\"container\" data-e-type=\"container\" data-settings=\"{&quot;background_background&quot;:&quot;classic&quot;}\">\n\t\t\t\t\t<div class=\"e-con-inner\">\n\t\t<div class=\"elementor-element elementor-element-8fa92ca e-con-full e-flex e-con e-child\" data-id=\"8fa92ca\" data-element_type=\"container\" data-e-type=\"container\">\n\t\t\t\t<div class=\"elementor-element elementor-element-0ca1328 elementor-widget elementor-widget-image\" data-id=\"0ca1328\" data-element_type=\"widget\" data-e-type=\"widget\" data-widget_type=\"image.default\">\n\t\t\t\t\t\t\t\t\t\t\t\t\t\t\t<img decoding=\"async\" width=\"748\" height=\"332\" src=\"https:\/\/igh01.worksite.ch\/wp-content\/uploads\/2023\/03\/igh-fuchs-tisch-computer-und-4-haende.svg\" class=\"attachment-large size-large wp-image-12721\" alt=\"\" \/>\t\t\t\t\t\t\t\t\t\t\t\t\t\t\t<\/div>\n\t\t\t\t<\/div>\n\t\t<div class=\"elementor-element elementor-element-abdafe5 e-con-full e-flex e-con e-child\" data-id=\"abdafe5\" data-element_type=\"container\" data-e-type=\"container\">\n\t\t\t\t<div class=\"elementor-element elementor-element-12f0196 elementor-invisible elementor-widget elementor-widget-heading\" data-id=\"12f0196\" data-element_type=\"widget\" data-e-type=\"widget\" data-settings=\"{&quot;_animation&quot;:&quot;fadeInDown&quot;}\" data-widget_type=\"heading.default\">\n\t\t\t\t\t<h2 class=\"elementor-heading-title elementor-size-default\">ScanApp<\/h2>\t\t\t\t<\/div>\n\t\t\t\t<div class=\"elementor-element elementor-element-7849b58 elementor-invisible elementor-widget elementor-widget-text-editor\" data-id=\"7849b58\" data-element_type=\"widget\" data-e-type=\"widget\" data-settings=\"{&quot;_animation&quot;:&quot;fadeInDown&quot;}\" data-widget_type=\"text-editor.default\">\n\t\t\t\t\t\t\t\t\t<p>La ScanApp (\u00e9galement connue sous le nom de Lager-BestellApp) permet de scanner efficacement les produits, par exemple lors de la v\u00e9rification du stock de petites pi\u00e8ces. Les produits scann\u00e9s sont transmis \u00e0 <a title=\"DataSelect.ch\" href=\"https:\/\/www.dataselect.ch\/\" target=\"_blank\" rel=\"noopener\">DataSelect.ch<\/a>, o\u00f9 ils sont attribu\u00e9s \u00e0 un fournisseur et command\u00e9s directement.<\/p>\t\t\t\t\t\t\t\t<\/div>\n\t\t\t\t<div class=\"elementor-element elementor-element-59498db elementor-invisible elementor-widget elementor-widget-heading\" data-id=\"59498db\" data-element_type=\"widget\" data-e-type=\"widget\" data-settings=\"{&quot;_animation&quot;:&quot;fadeInDown&quot;}\" data-widget_type=\"heading.default\">\n\t\t\t\t\t<h2 class=\"elementor-heading-title elementor-size-default\">DataSelectApp<\/h2>\t\t\t\t<\/div>\n\t\t\t\t<div class=\"elementor-element elementor-element-91f5729 elementor-invisible elementor-widget elementor-widget-text-editor\" data-id=\"91f5729\" data-element_type=\"widget\" data-e-type=\"widget\" data-settings=\"{&quot;_animation&quot;:&quot;fadeInDown&quot;}\" data-widget_type=\"text-editor.default\">\n\t\t\t\t\t\t\t\t\t<p>L&rsquo;application DataSelectApp n&rsquo;est plus support\u00e9e. Les clients qui ont d\u00e9j\u00e0 t\u00e9l\u00e9charg\u00e9 l&rsquo;application peuvent continuer \u00e0 l&rsquo;utiliser. L&rsquo;application DataSelectApp ne peut plus \u00eatre t\u00e9l\u00e9charg\u00e9e dans Google Playstore ou AppleStore.<\/p>\t\t\t\t\t\t\t\t<\/div>\n\t\t\t\t<\/div>\n\t\t\t\t\t<\/div>\n\t\t\t\t<\/div>\n\t\t<div class=\"elementor-element elementor-element-5a87b44 e-flex e-con-boxed e-con e-parent\" data-id=\"5a87b44\" data-element_type=\"container\" data-e-type=\"container\" data-settings=\"{&quot;background_background&quot;:&quot;classic&quot;}\">\n\t\t\t\t\t<div class=\"e-con-inner\">\n\t\t<div class=\"elementor-element elementor-element-eeecbcb e-con-full e-flex e-con e-child\" data-id=\"eeecbcb\" data-element_type=\"container\" data-e-type=\"container\" data-settings=\"{&quot;background_background&quot;:&quot;classic&quot;}\">\n\t\t\t\t<div class=\"elementor-element elementor-element-92123e1 elementor-widget elementor-widget-html\" data-id=\"92123e1\" data-element_type=\"widget\" data-e-type=\"widget\" data-widget_type=\"html.default\">\n\t\t\t\t\t<div id=\"iframeigh\"><\/div>\n    \n<script type=\"text\/javascript\" src=\"https:\/\/docs.igh01.worksite.ch\/js\/pym.js\"><\/script>\n<script>var pymParent = new pym.Parent('iframeigh', 'https:\/\/docs.igh01.worksite.ch\/seiten\/documente090000_fr.html', {});<\/script>\t\t\t\t<\/div>\n\t\t\t\t<\/div>\n\t\t\t\t\t<\/div>\n\t\t\t\t<\/div>\n\t\t\t\t<\/div>\n\t\t","protected":false},"excerpt":{"rendered":"<p>Applications mobiles En route avec les donn\u00e9es Les donn\u00e9es et les processus sont \u00e9galement disponibles sur le chantier ou lors des visites aux clients. Pour cela, toutes les personnes int\u00e9ress\u00e9es ont la possibilit\u00e9 de t\u00e9l\u00e9charger gratuitement l&rsquo;application ScanApp d&rsquo;IGH sur leur appareil. ScanApp La ScanApp (\u00e9galement connue sous le nom de Lager-BestellApp) permet de scanner [&hellip;]<\/p>\n","protected":false},"author":1,"featured_media":0,"parent":9937,"menu_order":9,"comment_status":"closed","ping_status":"closed","template":"","meta":{"footnotes":""},"class_list":["post-10100","page","type-page","status-publish","hentry"],"_links":{"self":[{"href":"https:\/\/igh01.worksite.ch\/fr\/wp-json\/wp\/v2\/pages\/10100","targetHints":{"allow":["GET"]}}],"collection":[{"href":"https:\/\/igh01.worksite.ch\/fr\/wp-json\/wp\/v2\/pages"}],"about":[{"href":"https:\/\/igh01.worksite.ch\/fr\/wp-json\/wp\/v2\/types\/page"}],"author":[{"embeddable":true,"href":"https:\/\/igh01.worksite.ch\/fr\/wp-json\/wp\/v2\/users\/1"}],"replies":[{"embeddable":true,"href":"https:\/\/igh01.worksite.ch\/fr\/wp-json\/wp\/v2\/comments?post=10100"}],"version-history":[{"count":0,"href":"https:\/\/igh01.worksite.ch\/fr\/wp-json\/wp\/v2\/pages\/10100\/revisions"}],"up":[{"embeddable":true,"href":"https:\/\/igh01.worksite.ch\/fr\/wp-json\/wp\/v2\/pages\/9937"}],"wp:attachment":[{"href":"https:\/\/igh01.worksite.ch\/fr\/wp-json\/wp\/v2\/media?parent=10100"}],"curies":[{"name":"wp","href":"https:\/\/api.w.org\/{rel}","templated":true}]}}