{"id":10171,"date":"2022-08-25T08:46:20","date_gmt":"2022-08-25T06:46:20","guid":{"rendered":"https:\/\/igh01.worksite.ch\/?page_id=10171"},"modified":"2024-09-11T16:31:52","modified_gmt":"2024-09-11T14:31:52","slug":"igh451-ch","status":"publish","type":"page","link":"https:\/\/igh01.worksite.ch\/fr\/produkte\/it-loesungen\/igh451-ch\/","title":{"rendered":"IGH451.ch"},"content":{"rendered":"\t\t<div data-elementor-type=\"wp-page\" data-elementor-id=\"10171\" class=\"elementor elementor-10171 elementor-4516\" data-elementor-post-type=\"page\">\n\t\t\t\t<div class=\"elementor-element elementor-element-856ee0c e-flex e-con-boxed e-con e-parent\" data-id=\"856ee0c\" data-element_type=\"container\" data-e-type=\"container\" data-settings=\"{&quot;background_background&quot;:&quot;classic&quot;}\">\n\t\t\t\t\t<div class=\"e-con-inner\">\n\t\t<div class=\"elementor-element elementor-element-74739ea e-con-full e-flex e-con e-parent\" data-id=\"74739ea\" data-element_type=\"container\" data-e-type=\"container\" data-settings=\"{&quot;background_background&quot;:&quot;classic&quot;}\">\n\t\t\t\t<div class=\"elementor-element elementor-element-954334f elementor-invisible elementor-widget elementor-widget-heading\" data-id=\"954334f\" data-element_type=\"widget\" data-e-type=\"widget\" data-settings=\"{&quot;_animation&quot;:&quot;fadeInDown&quot;}\" data-widget_type=\"heading.default\">\n\t\t\t\t\t<h1 class=\"elementor-heading-title elementor-size-default\">IGH451.ch<\/h1>\t\t\t\t<\/div>\n\t\t\t\t<div class=\"elementor-element elementor-element-71d03b0 elementor-widget elementor-widget-html\" data-id=\"71d03b0\" data-element_type=\"widget\" data-e-type=\"widget\" data-widget_type=\"html.default\">\n\t\t\t\t\t<nav aria-label=\"breadcrumbs\" class=\"rank-math-breadcrumb\"><p><span class=\"last\">Home<\/span><\/p><\/nav>\t\t\t\t<\/div>\n\t\t\t\t<\/div>\n\t\t\t\t\t<\/div>\n\t\t\t\t<\/div>\n\t\t<div class=\"elementor-element elementor-element-5990c89 e-flex e-con-boxed e-con e-parent\" data-id=\"5990c89\" data-element_type=\"container\" data-e-type=\"container\" data-settings=\"{&quot;background_background&quot;:&quot;classic&quot;}\">\n\t\t\t\t\t<div class=\"e-con-inner\">\n\t\t<div class=\"elementor-element elementor-element-23620b8 e-con-full e-flex e-con e-parent\" data-id=\"23620b8\" data-element_type=\"container\" data-e-type=\"container\" data-settings=\"{&quot;background_background&quot;:&quot;classic&quot;}\">\n\t\t<div class=\"elementor-element elementor-element-bbe8b18 e-flex e-con-boxed e-con e-parent\" data-id=\"bbe8b18\" data-element_type=\"container\" data-e-type=\"container\" data-settings=\"{&quot;background_background&quot;:&quot;classic&quot;}\">\n\t\t\t\t\t<div class=\"e-con-inner\">\n\t\t\t\t<div class=\"elementor-element elementor-element-e42706f elementor-invisible elementor-widget elementor-widget-heading\" data-id=\"e42706f\" data-element_type=\"widget\" data-e-type=\"widget\" data-settings=\"{&quot;_animation&quot;:&quot;fadeInDown&quot;}\" data-widget_type=\"heading.default\">\n\t\t\t\t\t<h2 class=\"elementor-heading-title elementor-size-default\">Processus entre les membres de l'IGH et leurs clients\n<\/h2>\t\t\t\t<\/div>\n\t\t\t\t<div class=\"elementor-element elementor-element-6a36ee6 elementor-invisible elementor-widget elementor-widget-text-editor\" data-id=\"6a36ee6\" data-element_type=\"widget\" data-e-type=\"widget\" data-settings=\"{&quot;_animation&quot;:&quot;fadeInDown&quot;,&quot;_animation_delay&quot;:500}\" data-widget_type=\"text-editor.default\">\n\t\t\t\t\t\t\t\t\t<p>L&rsquo;application web <a title=\"IGH451.ch\" href=\"https:\/\/www.igh451.ch\/\" target=\"_blank\" rel=\"noopener\">IGH451.ch<\/a> garantit que les fichiers d&rsquo;\u00e9change sont structurellement corrects et clairement identifiables, ind\u00e9pendamment de l&rsquo;application. En outre, cette application permet \u00e0 tous les partenaires d&rsquo;acc\u00e9der aux projets mis au concours et offre \u00e9galement la possibilit\u00e9, en cas de besoin, d&rsquo;exporter les donn\u00e9es directement dans un tableau Excel pour un traitement ult\u00e9rieur, puis de les importer \u00e0 nouveau.<\/p>\t\t\t\t\t\t\t\t<\/div>\n\t\t\t\t\t<\/div>\n\t\t\t\t<\/div>\n\t\t\t\t<\/div>\n\t\t<div class=\"elementor-element elementor-element-9856d42 e-con-full e-flex e-con e-parent\" data-id=\"9856d42\" data-element_type=\"container\" data-e-type=\"container\" data-settings=\"{&quot;background_background&quot;:&quot;classic&quot;}\">\n\t\t<div class=\"elementor-element elementor-element-801e80e e-con-full e-flex e-con e-parent\" data-id=\"801e80e\" data-element_type=\"container\" data-e-type=\"container\" data-settings=\"{&quot;background_background&quot;:&quot;classic&quot;}\">\n\t\t\t\t<div class=\"elementor-element elementor-element-f7d903d elementor-widget elementor-widget-image\" data-id=\"f7d903d\" data-element_type=\"widget\" data-e-type=\"widget\" data-widget_type=\"image.default\">\n\t\t\t\t\t\t\t\t\t\t\t\t\t\t\t<img decoding=\"async\" width=\"1\" height=\"1\" src=\"https:\/\/igh01.worksite.ch\/wp-content\/uploads\/browser1-1.svg\" class=\"attachment-large size-large wp-image-13694\" alt=\"\" \/>\t\t\t\t\t\t\t\t\t\t\t\t\t\t\t<\/div>\n\t\t\t\t<\/div>\n\t\t\t\t<\/div>\n\t\t\t\t\t<\/div>\n\t\t\t\t<\/div>\n\t\t<div class=\"elementor-element elementor-element-e9fa579 e-flex e-con-boxed e-con e-parent\" data-id=\"e9fa579\" data-element_type=\"container\" data-e-type=\"container\" data-settings=\"{&quot;background_background&quot;:&quot;classic&quot;}\">\n\t\t\t\t\t<div class=\"e-con-inner\">\n\t\t<div class=\"elementor-element elementor-element-ec9f23a e-con-full e-flex e-con e-parent\" data-id=\"ec9f23a\" data-element_type=\"container\" data-e-type=\"container\">\n\t\t\t\t<div class=\"elementor-element elementor-element-324d926 elementor-widget elementor-widget-image\" data-id=\"324d926\" data-element_type=\"widget\" data-e-type=\"widget\" data-widget_type=\"image.default\">\n\t\t\t\t\t\t\t\t\t\t\t\t\t\t\t<img fetchpriority=\"high\" decoding=\"async\" width=\"800\" height=\"306\" src=\"https:\/\/igh01.worksite.ch\/wp-content\/uploads\/2023\/02\/igh-fuchs-3-leute-und-superman-fuchs-dataexpertbim.svg\" class=\"attachment-large size-large wp-image-11177\" alt=\"\" \/>\t\t\t\t\t\t\t\t\t\t\t\t\t\t\t<\/div>\n\t\t\t\t<\/div>\n\t\t<div class=\"elementor-element elementor-element-33edf1d e-con-full e-flex e-con e-parent\" data-id=\"33edf1d\" data-element_type=\"container\" data-e-type=\"container\">\n\t\t\t\t<div class=\"elementor-element elementor-element-64fa4cc elementor-invisible elementor-widget elementor-widget-heading\" data-id=\"64fa4cc\" data-element_type=\"widget\" data-e-type=\"widget\" data-settings=\"{&quot;_animation&quot;:&quot;fadeInDown&quot;}\" data-widget_type=\"heading.default\">\n\t\t\t\t\t<h2 class=\"elementor-heading-title elementor-size-default\">Interface pour les planificateurs et les installateurs\n<\/h2>\t\t\t\t<\/div>\n\t\t\t\t<div class=\"elementor-element elementor-element-f4f5ff4 elementor-invisible elementor-widget elementor-widget-text-editor\" data-id=\"f4f5ff4\" data-element_type=\"widget\" data-e-type=\"widget\" data-settings=\"{&quot;_animation&quot;:&quot;fadeInDown&quot;}\" data-widget_type=\"text-editor.default\">\n\t\t\t\t\t\t\t\t\t<p>Les demandes des clients pour une solution globale ont motiv\u00e9 l&rsquo;IGH \u00e0 mettre \u00e0 disposition <a title=\"IGH451.ch\" href=\"https:\/\/www.igh451.ch\/\" target=\"_blank\" rel=\"noopener\">IGH451.ch<\/a> en tant que service. Tous les clients des membres de l&rsquo;IGH peuvent l&rsquo;utiliser, ind\u00e9pendamment des programmes utilis\u00e9s par les clients. Cela garantit que tous les partenaires impliqu\u00e9s dans une cha\u00eene de processus peuvent lire, traiter et renvoyer les contenus d&rsquo;\u00e9change.<\/p>\t\t\t\t\t\t\t\t<\/div>\n\t\t\t\t<\/div>\n\t\t\t\t\t<\/div>\n\t\t\t\t<\/div>\n\t\t<div class=\"elementor-element elementor-element-12e36d3 e-flex e-con-boxed e-con e-parent\" data-id=\"12e36d3\" data-element_type=\"container\" data-e-type=\"container\" data-settings=\"{&quot;background_background&quot;:&quot;classic&quot;}\">\n\t\t\t\t\t<div class=\"e-con-inner\">\n\t\t<div class=\"elementor-element elementor-element-3fca9ca e-con-full e-flex e-con e-parent\" data-id=\"3fca9ca\" data-element_type=\"container\" data-e-type=\"container\" data-settings=\"{&quot;background_background&quot;:&quot;classic&quot;}\">\n\t\t\t\t<div class=\"elementor-element elementor-element-b287673 elementor-invisible elementor-widget elementor-widget-heading\" data-id=\"b287673\" data-element_type=\"widget\" data-e-type=\"widget\" data-settings=\"{&quot;_animation&quot;:&quot;fadeInDown&quot;}\" data-widget_type=\"heading.default\">\n\t\t\t\t\t<h2 class=\"elementor-heading-title elementor-size-default\">Fournisseurs de logiciels\n<\/h2>\t\t\t\t<\/div>\n\t\t\t\t<div class=\"elementor-element elementor-element-1f90bd2 elementor-invisible elementor-widget elementor-widget-text-editor\" data-id=\"1f90bd2\" data-element_type=\"widget\" data-e-type=\"widget\" data-settings=\"{&quot;_animation&quot;:&quot;fadeInDown&quot;}\" data-widget_type=\"text-editor.default\">\n\t\t\t\t\t\t\t\t\t<p>Les fournisseurs d&rsquo;applications sectorielles misent eux aussi de plus en plus sur la norme IGH451 sous-jacente.<\/p>\t\t\t\t\t\t\t\t<\/div>\n\t\t\t\t<\/div>\n\t\t<div class=\"elementor-element elementor-element-ea8d7e8 e-con-full elementor-hidden-mobile e-flex e-con e-parent\" data-id=\"ea8d7e8\" data-element_type=\"container\" data-e-type=\"container\" data-settings=\"{&quot;background_background&quot;:&quot;classic&quot;}\">\n\t\t\t\t<div class=\"elementor-element elementor-element-5f76635 elementor-widget elementor-widget-image\" data-id=\"5f76635\" data-element_type=\"widget\" data-e-type=\"widget\" data-widget_type=\"image.default\">\n\t\t\t\t\t\t\t\t\t\t\t\t\t\t\t<img decoding=\"async\" width=\"1\" height=\"1\" src=\"https:\/\/igh01.worksite.ch\/wp-content\/uploads\/v1.0-igh-IGH451-ch-rgb.svg\" class=\"attachment-large size-large wp-image-14303\" alt=\"\" \/>\t\t\t\t\t\t\t\t\t\t\t\t\t\t\t<\/div>\n\t\t\t\t<\/div>\n\t\t\t\t\t<\/div>\n\t\t\t\t<\/div>\n\t\t\t\t<\/div>\n\t\t","protected":false},"excerpt":{"rendered":"<p>IGH451.ch Processus entre les membres de l&rsquo;IGH et leurs clients L&rsquo;application web IGH451.ch garantit que les fichiers d&rsquo;\u00e9change sont structurellement corrects et clairement identifiables, ind\u00e9pendamment de l&rsquo;application. En outre, cette application permet \u00e0 tous les partenaires d&rsquo;acc\u00e9der aux projets mis au concours et offre \u00e9galement la possibilit\u00e9, en cas de besoin, d&rsquo;exporter les donn\u00e9es directement [&hellip;]<\/p>\n","protected":false},"author":1,"featured_media":0,"parent":10116,"menu_order":3,"comment_status":"closed","ping_status":"closed","template":"","meta":{"footnotes":""},"class_list":["post-10171","page","type-page","status-publish","hentry"],"_links":{"self":[{"href":"https:\/\/igh01.worksite.ch\/fr\/wp-json\/wp\/v2\/pages\/10171","targetHints":{"allow":["GET"]}}],"collection":[{"href":"https:\/\/igh01.worksite.ch\/fr\/wp-json\/wp\/v2\/pages"}],"about":[{"href":"https:\/\/igh01.worksite.ch\/fr\/wp-json\/wp\/v2\/types\/page"}],"author":[{"embeddable":true,"href":"https:\/\/igh01.worksite.ch\/fr\/wp-json\/wp\/v2\/users\/1"}],"replies":[{"embeddable":true,"href":"https:\/\/igh01.worksite.ch\/fr\/wp-json\/wp\/v2\/comments?post=10171"}],"version-history":[{"count":0,"href":"https:\/\/igh01.worksite.ch\/fr\/wp-json\/wp\/v2\/pages\/10171\/revisions"}],"up":[{"embeddable":true,"href":"https:\/\/igh01.worksite.ch\/fr\/wp-json\/wp\/v2\/pages\/10116"}],"wp:attachment":[{"href":"https:\/\/igh01.worksite.ch\/fr\/wp-json\/wp\/v2\/media?parent=10171"}],"curies":[{"name":"wp","href":"https:\/\/api.w.org\/{rel}","templated":true}]}}