{"id":10234,"date":"2022-08-25T08:50:14","date_gmt":"2022-08-25T06:50:14","guid":{"rendered":"https:\/\/igh01.worksite.ch\/?page_id=10234"},"modified":"2023-10-18T13:37:31","modified_gmt":"2023-10-18T11:37:31","slug":"webservice-dataexpert","status":"publish","type":"page","link":"https:\/\/igh01.worksite.ch\/fr\/produkte\/it-loesungen\/webservice-dataexpert\/","title":{"rendered":"Service web DataExpert"},"content":{"rendered":"\t\t<div data-elementor-type=\"wp-page\" data-elementor-id=\"10234\" class=\"elementor elementor-10234 elementor-4531\" data-elementor-post-type=\"page\">\n\t\t\t\t<div class=\"elementor-element elementor-element-06ad587 e-flex e-con-boxed e-con e-parent\" data-id=\"06ad587\" data-element_type=\"container\" data-e-type=\"container\" data-settings=\"{&quot;background_background&quot;:&quot;classic&quot;}\">\n\t\t\t\t\t<div class=\"e-con-inner\">\n\t\t<div class=\"elementor-element elementor-element-add0e29 e-con-full e-flex e-con e-parent\" data-id=\"add0e29\" data-element_type=\"container\" data-e-type=\"container\" data-settings=\"{&quot;background_background&quot;:&quot;classic&quot;}\">\n\t\t\t\t<div class=\"elementor-element elementor-element-e6b6fe4 elementor-invisible elementor-widget elementor-widget-heading\" data-id=\"e6b6fe4\" data-element_type=\"widget\" data-e-type=\"widget\" data-settings=\"{&quot;_animation&quot;:&quot;fadeInDown&quot;}\" data-widget_type=\"heading.default\">\n\t\t\t\t\t<h1 class=\"elementor-heading-title elementor-size-default\">Service web DataExpert<sup>\u00ae<\/sup><\/h1>\t\t\t\t<\/div>\n\t\t\t\t<div class=\"elementor-element elementor-element-da81dac elementor-widget elementor-widget-html\" data-id=\"da81dac\" data-element_type=\"widget\" data-e-type=\"widget\" data-widget_type=\"html.default\">\n\t\t\t\t\t<nav aria-label=\"breadcrumbs\" class=\"rank-math-breadcrumb\"><p><span class=\"last\">Home<\/span><\/p><\/nav>\t\t\t\t<\/div>\n\t\t\t\t<\/div>\n\t\t\t\t\t<\/div>\n\t\t\t\t<\/div>\n\t\t<div class=\"elementor-element elementor-element-d63ddff e-flex e-con-boxed e-con e-parent\" data-id=\"d63ddff\" data-element_type=\"container\" data-e-type=\"container\" data-settings=\"{&quot;background_background&quot;:&quot;classic&quot;}\">\n\t\t\t\t\t<div class=\"e-con-inner\">\n\t\t<div class=\"elementor-element elementor-element-358962a e-con-full e-flex e-con e-parent\" data-id=\"358962a\" data-element_type=\"container\" data-e-type=\"container\" data-settings=\"{&quot;background_background&quot;:&quot;classic&quot;}\">\n\t\t<div class=\"elementor-element elementor-element-dd8ad67 e-flex e-con-boxed e-con e-parent\" data-id=\"dd8ad67\" data-element_type=\"container\" data-e-type=\"container\" data-settings=\"{&quot;background_background&quot;:&quot;classic&quot;}\">\n\t\t\t\t\t<div class=\"e-con-inner\">\n\t\t\t\t<div class=\"elementor-element elementor-element-c11f925 elementor-invisible elementor-widget elementor-widget-heading\" data-id=\"c11f925\" data-element_type=\"widget\" data-e-type=\"widget\" data-settings=\"{&quot;_animation&quot;:&quot;fadeInDown&quot;}\" data-widget_type=\"heading.default\">\n\t\t\t\t\t<h3 class=\"elementor-heading-title elementor-size-default\">Communication des processus\n<\/h3>\t\t\t\t<\/div>\n\t\t\t\t<div class=\"elementor-element elementor-element-a2b1257 elementor-invisible elementor-widget elementor-widget-text-editor\" data-id=\"a2b1257\" data-element_type=\"widget\" data-e-type=\"widget\" data-settings=\"{&quot;_animation&quot;:&quot;fadeInDown&quot;,&quot;_animation_delay&quot;:500}\" data-widget_type=\"text-editor.default\">\n\t\t\t\t\t\t\t\t\tSeuls les membres IGH peuvent mettre un DataExpert<sup>\u00ae<\/sup>WebService \u00e0 la disposition de leurs clients.\n\nTous les clients des membres IGH peuvent ensuite communiquer en ligne avec leurs fournisseurs directement \u00e0 partir de leurs applications de traitement. Les processus utilis\u00e9s sont les ikk (conditions individuelles des clients), les offres, les commandes et m\u00eame les factures.\t\t\t\t\t\t\t\t<\/div>\n\t\t\t\t\t<\/div>\n\t\t\t\t<\/div>\n\t\t\t\t<\/div>\n\t\t<div class=\"elementor-element elementor-element-a27beb8 e-con-full e-flex e-con e-parent\" data-id=\"a27beb8\" data-element_type=\"container\" data-e-type=\"container\" data-settings=\"{&quot;background_background&quot;:&quot;video&quot;,&quot;background_play_on_mobile&quot;:&quot;yes&quot;}\">\n\t\t<div class=\"elementor-element elementor-element-9fe4dd3 e-con-full e-flex e-con e-parent\" data-id=\"9fe4dd3\" data-element_type=\"container\" data-e-type=\"container\" data-settings=\"{&quot;background_background&quot;:&quot;classic&quot;}\">\n\t\t\t\t<div class=\"elementor-element elementor-element-18f2184 elementor-widget elementor-widget-image\" data-id=\"18f2184\" data-element_type=\"widget\" data-e-type=\"widget\" data-widget_type=\"image.default\">\n\t\t\t\t\t\t\t\t\t\t\t\t\t\t\t<img decoding=\"async\" width=\"1\" height=\"1\" src=\"https:\/\/igh01.worksite.ch\/wp-content\/uploads\/house-laptop1-1.svg\" class=\"attachment-large size-large wp-image-14702\" alt=\"\" \/>\t\t\t\t\t\t\t\t\t\t\t\t\t\t\t<\/div>\n\t\t\t\t<\/div>\n\t\t\t\t<\/div>\n\t\t\t\t\t<\/div>\n\t\t\t\t<\/div>\n\t\t<div class=\"elementor-element elementor-element-aabef07 e-flex e-con-boxed e-con e-parent\" data-id=\"aabef07\" data-element_type=\"container\" data-e-type=\"container\" data-settings=\"{&quot;background_background&quot;:&quot;classic&quot;}\">\n\t\t\t\t\t<div class=\"e-con-inner\">\n\t\t<div class=\"elementor-element elementor-element-3cebf83 e-con-full e-flex e-con e-parent\" data-id=\"3cebf83\" data-element_type=\"container\" data-e-type=\"container\">\n\t\t\t\t<div class=\"elementor-element elementor-element-bbfc5e5 elementor-widget elementor-widget-image\" data-id=\"bbfc5e5\" data-element_type=\"widget\" data-e-type=\"widget\" data-widget_type=\"image.default\">\n\t\t\t\t\t\t\t\t\t\t\t\t\t\t\t<img fetchpriority=\"high\" decoding=\"async\" width=\"792\" height=\"355\" src=\"https:\/\/igh01.worksite.ch\/wp-content\/uploads\/2023\/02\/igh-fuchs-arbeitstisch-vektorisiert.svg\" class=\"attachment-large size-large wp-image-12469\" alt=\"\" \/>\t\t\t\t\t\t\t\t\t\t\t\t\t\t\t<\/div>\n\t\t\t\t<\/div>\n\t\t<div class=\"elementor-element elementor-element-d7fa42a e-con-full e-flex e-con e-parent\" data-id=\"d7fa42a\" data-element_type=\"container\" data-e-type=\"container\">\n\t\t\t\t<div class=\"elementor-element elementor-element-8763abd elementor-invisible elementor-widget elementor-widget-heading\" data-id=\"8763abd\" data-element_type=\"widget\" data-e-type=\"widget\" data-settings=\"{&quot;_animation&quot;:&quot;fadeInDown&quot;}\" data-widget_type=\"heading.default\">\n\t\t\t\t\t<h2 class=\"elementor-heading-title elementor-size-default\">Communication avec les services web\n<\/h2>\t\t\t\t<\/div>\n\t\t\t\t<div class=\"elementor-element elementor-element-18d4d49 elementor-invisible elementor-widget elementor-widget-text-editor\" data-id=\"18d4d49\" data-element_type=\"widget\" data-e-type=\"widget\" data-settings=\"{&quot;_animation&quot;:&quot;fadeInDown&quot;}\" data-widget_type=\"text-editor.default\">\n\t\t\t\t\t\t\t\t\tLa communication \u00e9lectronique entre le fournisseur et le client s&rsquo;effectue directement via DataExpert<sup>\u00ae<\/sup>. DataExpert<sup>\u00ae<\/sup> se charge &#8211; dans le sens d&rsquo;un \u00ab\u00a0facteur \u00e9lectronique\u00a0\u00bb &#8211; du transport standardis\u00e9 des donn\u00e9es de processus entre les clients des membres de l&rsquo;IGH (installateur &#8211; revendeur &#8211; fabricant).\n\nDataExpert<sup>\u00ae<\/sup> v\u00e9rifie, selon des r\u00e8gles pr\u00e9cises impos\u00e9es par les donneurs d&rsquo;ordre, la structure et les formats des donn\u00e9es et assure \u00e9galement la transmission correcte des donn\u00e9es de processus. Avant la transmission, DataExpert<sup>\u00ae<\/sup> v\u00e9rifie si l&rsquo;exp\u00e9diteur et le destinataire sont d&rsquo;accord pour un \u00e9change ou s&rsquo;ils y sont autoris\u00e9s.\n\nL&rsquo;int\u00e9gration des donn\u00e9es de processus (demandes, offres, commandes, etc.) dans les applications utilisateur (ERP) doit \u00eatre r\u00e9alis\u00e9e par les partenaires respectifs ou par les fournisseurs de programmes.\t\t\t\t\t\t\t\t<\/div>\n\t\t\t\t<\/div>\n\t\t\t\t\t<\/div>\n\t\t\t\t<\/div>\n\t\t<div class=\"elementor-element elementor-element-77f2758 e-flex e-con-boxed e-con e-parent\" data-id=\"77f2758\" data-element_type=\"container\" data-e-type=\"container\" data-settings=\"{&quot;background_background&quot;:&quot;classic&quot;}\">\n\t\t\t\t\t<div class=\"e-con-inner\">\n\t\t<div class=\"elementor-element elementor-element-a8ae1ce e-con-full e-flex e-con e-parent\" data-id=\"a8ae1ce\" data-element_type=\"container\" data-e-type=\"container\" data-settings=\"{&quot;background_background&quot;:&quot;classic&quot;}\">\n\t\t\t\t<div class=\"elementor-element elementor-element-11f5c39 elementor-invisible elementor-widget elementor-widget-heading\" data-id=\"11f5c39\" data-element_type=\"widget\" data-e-type=\"widget\" data-settings=\"{&quot;_animation&quot;:&quot;fadeInDown&quot;}\" data-widget_type=\"heading.default\">\n\t\t\t\t\t<h2 class=\"elementor-heading-title elementor-size-default\">\u00c9change de processus B2B\n<\/h2>\t\t\t\t<\/div>\n\t\t\t\t<div class=\"elementor-element elementor-element-ee3496a elementor-invisible elementor-widget elementor-widget-text-editor\" data-id=\"ee3496a\" data-element_type=\"widget\" data-e-type=\"widget\" data-settings=\"{&quot;_animation&quot;:&quot;fadeInDown&quot;}\" data-widget_type=\"text-editor.default\">\n\t\t\t\t\t\t\t\t\t<p>Pour les membres IGH int\u00e9ress\u00e9s, l&rsquo;IGH procure un V-serveur chez un fournisseur partenaire. Il n&rsquo;en r\u00e9sulte que de faibles co\u00fbts d&rsquo;installation et des frais d&rsquo;utilisation mensuels.<\/p>\t\t\t\t\t\t\t\t<\/div>\n\t\t\t\t<\/div>\n\t\t<div class=\"elementor-element elementor-element-f19c921 e-con-full elementor-hidden-mobile e-flex e-con e-parent\" data-id=\"f19c921\" data-element_type=\"container\" data-e-type=\"container\" data-settings=\"{&quot;background_background&quot;:&quot;classic&quot;}\">\n\t\t\t\t<div class=\"elementor-element elementor-element-170ea21 elementor-widget elementor-widget-image\" data-id=\"170ea21\" data-element_type=\"widget\" data-e-type=\"widget\" data-widget_type=\"image.default\">\n\t\t\t\t\t\t\t\t\t\t\t\t\t\t\t<img decoding=\"async\" width=\"1\" height=\"1\" src=\"https:\/\/igh01.worksite.ch\/wp-content\/uploads\/v1.0-igh-dataexpert-rgb.svg\" class=\"attachment-large size-large wp-image-14706\" alt=\"\" \/>\t\t\t\t\t\t\t\t\t\t\t\t\t\t\t<\/div>\n\t\t\t\t<\/div>\n\t\t\t\t\t<\/div>\n\t\t\t\t<\/div>\n\t\t\t\t<\/div>\n\t\t","protected":false},"excerpt":{"rendered":"<p>Service web DataExpert\u00ae Communication des processus Seuls les membres IGH peuvent mettre un DataExpert\u00aeWebService \u00e0 la disposition de leurs clients. Tous les clients des membres IGH peuvent ensuite communiquer en ligne avec leurs fournisseurs directement \u00e0 partir de leurs applications de traitement. Les processus utilis\u00e9s sont les ikk (conditions individuelles des clients), les offres, les [&hellip;]<\/p>\n","protected":false},"author":1,"featured_media":0,"parent":10116,"menu_order":7,"comment_status":"closed","ping_status":"closed","template":"","meta":{"footnotes":""},"class_list":["post-10234","page","type-page","status-publish","hentry"],"_links":{"self":[{"href":"https:\/\/igh01.worksite.ch\/fr\/wp-json\/wp\/v2\/pages\/10234","targetHints":{"allow":["GET"]}}],"collection":[{"href":"https:\/\/igh01.worksite.ch\/fr\/wp-json\/wp\/v2\/pages"}],"about":[{"href":"https:\/\/igh01.worksite.ch\/fr\/wp-json\/wp\/v2\/types\/page"}],"author":[{"embeddable":true,"href":"https:\/\/igh01.worksite.ch\/fr\/wp-json\/wp\/v2\/users\/1"}],"replies":[{"embeddable":true,"href":"https:\/\/igh01.worksite.ch\/fr\/wp-json\/wp\/v2\/comments?post=10234"}],"version-history":[{"count":0,"href":"https:\/\/igh01.worksite.ch\/fr\/wp-json\/wp\/v2\/pages\/10234\/revisions"}],"up":[{"embeddable":true,"href":"https:\/\/igh01.worksite.ch\/fr\/wp-json\/wp\/v2\/pages\/10116"}],"wp:attachment":[{"href":"https:\/\/igh01.worksite.ch\/fr\/wp-json\/wp\/v2\/media?parent=10234"}],"curies":[{"name":"wp","href":"https:\/\/api.w.org\/{rel}","templated":true}]}}