{"id":10343,"date":"2022-09-03T20:44:19","date_gmt":"2022-09-03T18:44:19","guid":{"rendered":"https:\/\/igh01.worksite.ch\/?page_id=10343"},"modified":"2024-05-16T11:10:27","modified_gmt":"2024-05-16T09:10:27","slug":"software-anbieter","status":"publish","type":"page","link":"https:\/\/igh01.worksite.ch\/fr\/services\/weitere-dienste\/software-anbieter\/","title":{"rendered":"Fournisseur de logiciels"},"content":{"rendered":"\t\t<div data-elementor-type=\"wp-page\" data-elementor-id=\"10343\" class=\"elementor elementor-10343 elementor-5406\" data-elementor-post-type=\"page\">\n\t\t\t\t<div class=\"elementor-element elementor-element-f8eb9ea e-flex e-con-boxed e-con e-parent\" data-id=\"f8eb9ea\" data-element_type=\"container\" data-e-type=\"container\" data-settings=\"{&quot;background_background&quot;:&quot;classic&quot;}\">\n\t\t\t\t\t<div class=\"e-con-inner\">\n\t\t<div class=\"elementor-element elementor-element-f69d663 e-con-full e-flex e-con e-child\" data-id=\"f69d663\" data-element_type=\"container\" data-e-type=\"container\" data-settings=\"{&quot;background_background&quot;:&quot;classic&quot;}\">\n\t\t\t\t<div class=\"elementor-element elementor-element-990601e elementor-invisible elementor-widget elementor-widget-heading\" data-id=\"990601e\" data-element_type=\"widget\" data-e-type=\"widget\" data-settings=\"{&quot;_animation&quot;:&quot;fadeInDown&quot;}\" data-widget_type=\"heading.default\">\n\t\t\t\t\t<h1 class=\"elementor-heading-title elementor-size-default\">Fournisseur de logiciels<\/h1>\t\t\t\t<\/div>\n\t\t\t\t<div class=\"elementor-element elementor-element-c417b9e elementor-widget elementor-widget-html\" data-id=\"c417b9e\" data-element_type=\"widget\" data-e-type=\"widget\" data-widget_type=\"html.default\">\n\t\t\t\t\t<nav aria-label=\"breadcrumbs\" class=\"rank-math-breadcrumb\"><p><span class=\"last\">Home<\/span><\/p><\/nav>\t\t\t\t<\/div>\n\t\t\t\t<\/div>\n\t\t\t\t\t<\/div>\n\t\t\t\t<\/div>\n\t\t<div class=\"elementor-element elementor-element-041b2db e-flex e-con-boxed e-con e-parent\" data-id=\"041b2db\" data-element_type=\"container\" data-e-type=\"container\" data-settings=\"{&quot;background_background&quot;:&quot;classic&quot;}\">\n\t\t\t\t\t<div class=\"e-con-inner\">\n\t\t<div class=\"elementor-element elementor-element-7487d40 e-con-full e-flex e-con e-child\" data-id=\"7487d40\" data-element_type=\"container\" data-e-type=\"container\" data-settings=\"{&quot;background_background&quot;:&quot;classic&quot;}\">\n\t\t<div class=\"elementor-element elementor-element-469f915 e-flex e-con-boxed e-con e-child\" data-id=\"469f915\" data-element_type=\"container\" data-e-type=\"container\" data-settings=\"{&quot;background_background&quot;:&quot;classic&quot;}\">\n\t\t\t\t\t<div class=\"e-con-inner\">\n\t\t\t\t<div class=\"elementor-element elementor-element-d90ddf1 elementor-invisible elementor-widget elementor-widget-heading\" data-id=\"d90ddf1\" data-element_type=\"widget\" data-e-type=\"widget\" data-settings=\"{&quot;_animation&quot;:&quot;fadeInDown&quot;}\" data-widget_type=\"heading.default\">\n\t\t\t\t\t<h2 class=\"elementor-heading-title elementor-size-default\">Applications de la branche<\/h2>\t\t\t\t<\/div>\n\t\t\t\t<div class=\"elementor-element elementor-element-43088f4 elementor-invisible elementor-widget elementor-widget-text-editor\" data-id=\"43088f4\" data-element_type=\"widget\" data-e-type=\"widget\" data-settings=\"{&quot;_animation&quot;:&quot;fadeInDown&quot;,&quot;_animation_delay&quot;:500}\" data-widget_type=\"text-editor.default\">\n\t\t\t\t\t\t\t\t\tToutes les applications de branche fr\u00e9quemment utilis\u00e9es dans la technique du b\u00e2timent travaillent avec les donn\u00e9es de produits des catalogues IGH DataExpert<sup>\u00ae<\/sup> ou DataExpert<sup>\u00ae<\/sup>BIM.\n\nAvec les conditions clients individuelles (ikk) des DataExpert<sup>\u00ae<\/sup>-WebServices de nos membres, vous obtenez les prix nets pour les produits.\n\nEt avec IGH451 et Yellowbill, les processus commerciaux avec vos fournisseurs peuvent \u00eatre automatis\u00e9s, de la demande \u00e0 la facture en passant par la commande.\t\t\t\t\t\t\t\t<\/div>\n\t\t\t\t\t<\/div>\n\t\t\t\t<\/div>\n\t\t\t\t<\/div>\n\t\t<div class=\"elementor-element elementor-element-e1b4546 e-con-full e-flex e-con e-child\" data-id=\"e1b4546\" data-element_type=\"container\" data-e-type=\"container\" data-settings=\"{&quot;background_background&quot;:&quot;video&quot;,&quot;background_video_link&quot;:&quot;https:\\\/\\\/igh01.worksite.ch\\\/wp-content\\\/uploads\\\/2022\\\/11\\\/1280x720_igh-softwareanbieter.mp4&quot;,&quot;background_play_on_mobile&quot;:&quot;yes&quot;}\">\n\t\t<div class=\"elementor-background-video-container\">\n\t\t\t\t\t\t\t<video class=\"elementor-background-video-hosted\" role=\"presentation\" autoplay muted playsinline loop><\/video>\n\t\t\t\t\t<\/div><div class=\"elementor-element elementor-element-ed66599 e-con-full e-flex e-con e-child\" data-id=\"ed66599\" data-element_type=\"container\" data-e-type=\"container\" data-settings=\"{&quot;background_background&quot;:&quot;classic&quot;}\">\n\t\t\t\t<div class=\"elementor-element elementor-element-d3773e1 elementor-widget elementor-widget-image\" data-id=\"d3773e1\" data-element_type=\"widget\" data-e-type=\"widget\" data-widget_type=\"image.default\">\n\t\t\t\t\t\t\t\t\t\t\t\t\t\t\t<img fetchpriority=\"high\" decoding=\"async\" width=\"576\" height=\"512\" src=\"https:\/\/igh01.worksite.ch\/wp-content\/uploads\/2022\/06\/software-anbieter1-1.svg\" class=\"attachment-large size-large wp-image-1221\" alt=\"\" \/>\t\t\t\t\t\t\t\t\t\t\t\t\t\t\t<\/div>\n\t\t\t\t<\/div>\n\t\t\t\t<\/div>\n\t\t\t\t\t<\/div>\n\t\t\t\t<\/div>\n\t\t<div class=\"elementor-element elementor-element-5222db2 e-flex e-con-boxed e-con e-parent\" data-id=\"5222db2\" data-element_type=\"container\" data-e-type=\"container\" data-settings=\"{&quot;background_background&quot;:&quot;classic&quot;}\">\n\t\t\t\t\t<div class=\"e-con-inner\">\n\t\t<div class=\"elementor-element elementor-element-7e0d185 e-con-full e-flex e-con e-child\" data-id=\"7e0d185\" data-element_type=\"container\" data-e-type=\"container\">\n\t\t\t\t<div class=\"elementor-element elementor-element-37c2963 elementor-widget elementor-widget-image\" data-id=\"37c2963\" data-element_type=\"widget\" data-e-type=\"widget\" data-widget_type=\"image.default\">\n\t\t\t\t\t\t\t\t\t\t\t\t\t\t\t<img decoding=\"async\" width=\"1\" height=\"1\" src=\"https:\/\/igh01.worksite.ch\/wp-content\/uploads\/igh-fuchs-3-leute-und-superman-fuchs-dataexpertbim.svg\" class=\"attachment-large size-large wp-image-15665\" alt=\"\" \/>\t\t\t\t\t\t\t\t\t\t\t\t\t\t\t<\/div>\n\t\t\t\t<\/div>\n\t\t<div class=\"elementor-element elementor-element-b8b76fe e-con-full e-flex e-con e-child\" data-id=\"b8b76fe\" data-element_type=\"container\" data-e-type=\"container\">\n\t\t\t\t<div class=\"elementor-element elementor-element-784145e elementor-invisible elementor-widget elementor-widget-heading\" data-id=\"784145e\" data-element_type=\"widget\" data-e-type=\"widget\" data-settings=\"{&quot;_animation&quot;:&quot;fadeInDown&quot;}\" data-widget_type=\"heading.default\">\n\t\t\t\t\t<h2 class=\"elementor-heading-title elementor-size-default\">Explication de la liste suivante<\/h2>\t\t\t\t<\/div>\n\t\t\t\t<div class=\"elementor-element elementor-element-fe23867 elementor-invisible elementor-widget elementor-widget-text-editor\" data-id=\"fe23867\" data-element_type=\"widget\" data-e-type=\"widget\" data-settings=\"{&quot;_animation&quot;:&quot;fadeInDown&quot;}\" data-widget_type=\"text-editor.default\">\n\t\t\t\t\t\t\t\t\t<p>Dans la liste des partenaires logiciels ci-dessous, les titres ont les significations suivantes :<\/p><p><strong>IGH Rang :<\/strong> Classement IGH de l&rsquo;application. Ce chiffre n&rsquo;\u00e9value pas l&rsquo;application ex\u00e9cut\u00e9e ou son \u00e9tendue fonctionnelle, mais est un chiffre pond\u00e9r\u00e9 pour la profondeur d&rsquo;int\u00e9gration dans les standards de l&rsquo;IGH.<\/p><p><strong>DataExpert<sup>\u00ae<\/sup>BIM\u00a0<span style=\"text-align: var(--text-align);\">Catalogue<\/span><\/strong><span style=\"text-align: var(--text-align);\"><strong>\u00a0:<\/strong> Capacit\u00e9 \u00e0 lire le catalogue DataExpert<sup>\u00ae<\/sup>BIM selon le sch\u00e9ma DE-BIM-Schema.xsd.<\/span><\/p><p><strong>DataExpert<sup>\u00ae<\/sup>\u00a0<span style=\"text-align: var(--text-align);\">Catalogue<\/span><span style=\"text-align: var(--text-align);\">\u00a0<\/span><\/strong><span style=\"text-align: var(--text-align);\"><strong>:<\/strong> Capacit\u00e9 de lire le catalogue DataExpert<sup>\u00ae<\/sup> selon le sch\u00e9ma DE_Katalog.xsd ou EL_Katalog.xsd.<\/span><\/p><p><strong>ikk (conditions individuelles du client) :<\/strong> les fichiers ikk sont t\u00e9l\u00e9charg\u00e9s \u00e0 partir du service web IGH du fournisseur et lus dans l&rsquo;application.<\/p><p><strong>IGH451 A :<\/strong> les processus entre installateur\/planificateur et commerce\/fabricant sont pris en charge. Le niveau A comprend <strong>la demande<\/strong> et <strong>l&rsquo;offre<\/strong>.<\/p><p><strong>IGH451 B :<\/strong> les processus entre installateur\/planificateur et commerce\/fabricant sont pris en charge. Le niveau B comprend <strong>la commande<\/strong> et <strong>la confirmation de commande<\/strong>.<\/p><p><strong>IGH451 C :<\/strong> les processus entre l&rsquo;installateur\/planificateur et le commerce\/fabricant sont pris en charge. Le niveau C comprend <strong>l&rsquo;appel<\/strong> et <strong>le bon de livraison<\/strong>.<\/p><p><strong>Adaptateur Yellowbill :<\/strong> Ebill impl\u00e9ment\u00e9 avec l&rsquo;adaptateur Yellowbill. Il s&rsquo;agit de l&rsquo;adaptateur IGH Yellowbill, avec lequel les factures DataExpert<sup>\u00ae<\/sup> sont converties et envoy\u00e9es directement \u00e0 PostFinance.<\/p><p><strong>VDI3805 :<\/strong> capacit\u00e9 \u00e0 lire les donn\u00e9es VDI3805.<\/p>\t\t\t\t\t\t\t\t<\/div>\n\t\t\t\t<\/div>\n\t\t\t\t\t<\/div>\n\t\t\t\t<\/div>\n\t\t<div class=\"elementor-element elementor-element-81854eb e-flex e-con-boxed e-con e-parent\" data-id=\"81854eb\" data-element_type=\"container\" data-e-type=\"container\" data-settings=\"{&quot;background_background&quot;:&quot;classic&quot;}\">\n\t\t\t\t\t<div class=\"e-con-inner\">\n\t\t<div class=\"elementor-element elementor-element-928289b e-con-full e-flex e-con e-child\" data-id=\"928289b\" data-element_type=\"container\" data-e-type=\"container\" data-settings=\"{&quot;background_background&quot;:&quot;classic&quot;}\">\n\t\t\t\t<div class=\"elementor-element elementor-element-49f84fa elementor-widget elementor-widget-html\" data-id=\"49f84fa\" data-element_type=\"widget\" data-e-type=\"widget\" data-widget_type=\"html.default\">\n\t\t\t\t\t<div id=\"iframeigh\"><\/div>\n \n<script type=\"text\/javascript\" src=\"https:\/\/docs.igh01.worksite.ch\/js\/pym.js\"><\/script>\n<script>var currentUrl = window.location.href;\n    var urlSearch = currentUrl.split('?')[1];\n    if ( urlSearch == undefined ) { urlSearch = \"\" }\n    var pymParent = new pym.Parent('iframeigh', 'https:\/\/docs.igh01.worksite.ch\/seiten\/softwarepartner_fr.html?search='+urlSearch, {});<\/script>\t\t\t\t<\/div>\n\t\t\t\t<\/div>\n\t\t\t\t\t<\/div>\n\t\t\t\t<\/div>\n\t\t\t\t<\/div>\n\t\t","protected":false},"excerpt":{"rendered":"<p>Fournisseur de logiciels Applications de la branche Toutes les applications de branche fr\u00e9quemment utilis\u00e9es dans la technique du b\u00e2timent travaillent avec les donn\u00e9es de produits des catalogues IGH DataExpert\u00ae ou DataExpert\u00aeBIM. Avec les conditions clients individuelles (ikk) des DataExpert\u00ae-WebServices de nos membres, vous obtenez les prix nets pour les produits. Et avec IGH451 et Yellowbill, [&hellip;]<\/p>\n","protected":false},"author":1,"featured_media":0,"parent":10291,"menu_order":3,"comment_status":"closed","ping_status":"closed","template":"","meta":{"footnotes":""},"class_list":["post-10343","page","type-page","status-publish","hentry"],"_links":{"self":[{"href":"https:\/\/igh01.worksite.ch\/fr\/wp-json\/wp\/v2\/pages\/10343","targetHints":{"allow":["GET"]}}],"collection":[{"href":"https:\/\/igh01.worksite.ch\/fr\/wp-json\/wp\/v2\/pages"}],"about":[{"href":"https:\/\/igh01.worksite.ch\/fr\/wp-json\/wp\/v2\/types\/page"}],"author":[{"embeddable":true,"href":"https:\/\/igh01.worksite.ch\/fr\/wp-json\/wp\/v2\/users\/1"}],"replies":[{"embeddable":true,"href":"https:\/\/igh01.worksite.ch\/fr\/wp-json\/wp\/v2\/comments?post=10343"}],"version-history":[{"count":0,"href":"https:\/\/igh01.worksite.ch\/fr\/wp-json\/wp\/v2\/pages\/10343\/revisions"}],"up":[{"embeddable":true,"href":"https:\/\/igh01.worksite.ch\/fr\/wp-json\/wp\/v2\/pages\/10291"}],"wp:attachment":[{"href":"https:\/\/igh01.worksite.ch\/fr\/wp-json\/wp\/v2\/media?parent=10343"}],"curies":[{"name":"wp","href":"https:\/\/api.w.org\/{rel}","templated":true}]}}