{"id":10358,"date":"2022-10-26T14:46:25","date_gmt":"2022-10-26T12:46:25","guid":{"rendered":"https:\/\/igh01.worksite.ch\/?page_id=10358"},"modified":"2023-10-18T14:14:56","modified_gmt":"2023-10-18T12:14:56","slug":"externe-links","status":"publish","type":"page","link":"https:\/\/igh01.worksite.ch\/fr\/services\/weitere-dienste\/externe-links\/","title":{"rendered":"Liens externes"},"content":{"rendered":"\t\t<div data-elementor-type=\"wp-page\" data-elementor-id=\"10358\" class=\"elementor elementor-10358 elementor-7078\" data-elementor-post-type=\"page\">\n\t\t\t\t<div class=\"elementor-element elementor-element-f8eb9ea e-flex e-con-boxed e-con e-parent\" data-id=\"f8eb9ea\" data-element_type=\"container\" data-e-type=\"container\" data-settings=\"{&quot;background_background&quot;:&quot;classic&quot;}\">\n\t\t\t\t\t<div class=\"e-con-inner\">\n\t\t<div class=\"elementor-element elementor-element-f69d663 e-con-full e-flex e-con e-parent\" data-id=\"f69d663\" data-element_type=\"container\" data-e-type=\"container\" data-settings=\"{&quot;background_background&quot;:&quot;classic&quot;}\">\n\t\t\t\t<div class=\"elementor-element elementor-element-990601e elementor-invisible elementor-widget elementor-widget-heading\" data-id=\"990601e\" data-element_type=\"widget\" data-e-type=\"widget\" data-settings=\"{&quot;_animation&quot;:&quot;fadeInDown&quot;}\" data-widget_type=\"heading.default\">\n\t\t\t\t\t<h1 class=\"elementor-heading-title elementor-size-default\">Liens externes<\/h1>\t\t\t\t<\/div>\n\t\t\t\t<div class=\"elementor-element elementor-element-c417b9e elementor-widget elementor-widget-html\" data-id=\"c417b9e\" data-element_type=\"widget\" data-e-type=\"widget\" data-widget_type=\"html.default\">\n\t\t\t\t\t<nav aria-label=\"breadcrumbs\" class=\"rank-math-breadcrumb\"><p><span class=\"last\">Home<\/span><\/p><\/nav>\t\t\t\t<\/div>\n\t\t\t\t<\/div>\n\t\t\t\t\t<\/div>\n\t\t\t\t<\/div>\n\t\t<div class=\"elementor-element elementor-element-041b2db e-flex e-con-boxed e-con e-parent\" data-id=\"041b2db\" data-element_type=\"container\" data-e-type=\"container\" data-settings=\"{&quot;background_background&quot;:&quot;classic&quot;}\">\n\t\t\t\t\t<div class=\"e-con-inner\">\n\t\t<div class=\"elementor-element elementor-element-7487d40 e-con-full e-flex e-con e-parent\" data-id=\"7487d40\" data-element_type=\"container\" data-e-type=\"container\" data-settings=\"{&quot;background_background&quot;:&quot;classic&quot;}\">\n\t\t<div class=\"elementor-element elementor-element-469f915 e-flex e-con-boxed e-con e-parent\" data-id=\"469f915\" data-element_type=\"container\" data-e-type=\"container\" data-settings=\"{&quot;background_background&quot;:&quot;classic&quot;}\">\n\t\t\t\t\t<div class=\"e-con-inner\">\n\t\t\t\t<div class=\"elementor-element elementor-element-d90ddf1 elementor-invisible elementor-widget elementor-widget-heading\" data-id=\"d90ddf1\" data-element_type=\"widget\" data-e-type=\"widget\" data-settings=\"{&quot;_animation&quot;:&quot;fadeInDown&quot;}\" data-widget_type=\"heading.default\">\n\t\t\t\t\t<h3 class=\"elementor-heading-title elementor-size-default\">Sites web externes \n<\/h3>\t\t\t\t<\/div>\n\t\t\t\t<div class=\"elementor-element elementor-element-43088f4 elementor-invisible elementor-widget elementor-widget-text-editor\" data-id=\"43088f4\" data-element_type=\"widget\" data-e-type=\"widget\" data-settings=\"{&quot;_animation&quot;:&quot;fadeInDown&quot;,&quot;_animation_delay&quot;:500}\" data-widget_type=\"text-editor.default\">\n\t\t\t\t\t\t\t\t\t<p>Liens int\u00e9ressants vers des sites web d&rsquo;entreprises de nos membres et d&rsquo;entreprises proches de l&rsquo;IGH dans le secteur de la technique du b\u00e2timent et de l&rsquo;\u00e9lectricit\u00e9, avec lesquelles nous collaborons et utilisons ainsi des synergies.<\/p>\t\t\t\t\t\t\t\t<\/div>\n\t\t\t\t\t<\/div>\n\t\t\t\t<\/div>\n\t\t\t\t<\/div>\n\t\t<div class=\"elementor-element elementor-element-e1b4546 e-con-full e-flex e-con e-parent\" data-id=\"e1b4546\" data-element_type=\"container\" data-e-type=\"container\" data-settings=\"{&quot;background_background&quot;:&quot;classic&quot;}\">\n\t\t\t\t<\/div>\n\t\t\t\t\t<\/div>\n\t\t\t\t<\/div>\n\t\t<div class=\"elementor-element elementor-element-c622ab4 e-flex e-con-boxed e-con e-parent\" data-id=\"c622ab4\" data-element_type=\"container\" data-e-type=\"container\" data-settings=\"{&quot;background_background&quot;:&quot;classic&quot;}\">\n\t\t\t\t\t<div class=\"e-con-inner\">\n\t\t<div class=\"elementor-element elementor-element-7c670388 e-con-full elementor-hidden-mobile e-flex e-con e-parent\" data-id=\"7c670388\" data-element_type=\"container\" data-e-type=\"container\" data-settings=\"{&quot;background_background&quot;:&quot;classic&quot;}\">\n\t\t\t\t<div class=\"elementor-element elementor-element-2cc90e0e elementor-invisible elementor-widget elementor-widget-image\" data-id=\"2cc90e0e\" data-element_type=\"widget\" data-e-type=\"widget\" data-settings=\"{&quot;_animation&quot;:&quot;fadeInDown&quot;}\" data-widget_type=\"image.default\">\n\t\t\t\t\t\t\t\t\t\t\t\t\t\t\t<img fetchpriority=\"high\" decoding=\"async\" width=\"300\" height=\"268\" src=\"https:\/\/igh01.worksite.ch\/wp-content\/uploads\/2022\/10\/igh-fuchs-neues-igh-logo-vektorisiert-1.svg\" class=\"attachment-medium size-medium wp-image-7004\" alt=\"\" \/>\t\t\t\t\t\t\t\t\t\t\t\t\t\t\t<\/div>\n\t\t\t\t<\/div>\n\t\t<div class=\"elementor-element elementor-element-7ae1042 e-con-full e-flex e-con e-parent\" data-id=\"7ae1042\" data-element_type=\"container\" data-e-type=\"container\" data-settings=\"{&quot;background_background&quot;:&quot;classic&quot;}\">\n\t\t\t\t<div class=\"elementor-element elementor-element-f3f95b0 elementor-invisible elementor-widget elementor-widget-heading\" data-id=\"f3f95b0\" data-element_type=\"widget\" data-e-type=\"widget\" data-settings=\"{&quot;_animation&quot;:&quot;fadeInDown&quot;}\" data-widget_type=\"heading.default\">\n\t\t\t\t\t<h2 class=\"elementor-heading-title elementor-size-default\">Liens externes\n<\/h2>\t\t\t\t<\/div>\n\t\t\t\t<div class=\"elementor-element elementor-element-217d23c elementor-invisible elementor-widget elementor-widget-text-editor\" data-id=\"217d23c\" data-element_type=\"widget\" data-e-type=\"widget\" data-settings=\"{&quot;_animation&quot;:&quot;fadeInDown&quot;}\" data-widget_type=\"text-editor.default\">\n\t\t\t\t\t\t\t\t\t<ul><li>vers les pages d&rsquo;accueil de nos membres, qui offrent des informations \u00e9tendues sur leurs catalogues.<\/li><li>vers des entreprises avec lesquelles nous collaborons, mais qui ne sont ni membres d&rsquo;IGH ni partenaires logiciels.<\/li><li>vers des entreprises\/institutions que nous consid\u00e9rons comme int\u00e9ressantes pour les visiteurs de notre page d&rsquo;accueil.<\/li><\/ul>\t\t\t\t\t\t\t\t<\/div>\n\t\t\t\t<\/div>\n\t\t\t\t\t<\/div>\n\t\t\t\t<\/div>\n\t\t<div class=\"elementor-element elementor-element-6185f9d e-flex e-con-boxed e-con e-parent\" data-id=\"6185f9d\" data-element_type=\"container\" data-e-type=\"container\" data-settings=\"{&quot;background_background&quot;:&quot;classic&quot;}\">\n\t\t\t\t\t<div class=\"e-con-inner\">\n\t\t<div class=\"elementor-element elementor-element-e44908b e-con-full e-flex e-con e-parent\" data-id=\"e44908b\" data-element_type=\"container\" data-e-type=\"container\" data-settings=\"{&quot;background_background&quot;:&quot;classic&quot;}\">\n\t\t\t\t<div class=\"elementor-element elementor-element-d0dc88a elementor-widget elementor-widget-html\" data-id=\"d0dc88a\" data-element_type=\"widget\" data-e-type=\"widget\" data-widget_type=\"html.default\">\n\t\t\t\t\t<div id=\"iframeigh\"><\/div>\n    \n<script type=\"text\/javascript\" src=\"https:\/\/docs.igh01.worksite.ch\/js\/pym.js\"><\/script>\n<script>var pymParent = new pym.Parent('iframeigh', 'https:\/\/docs.igh01.worksite.ch\/seiten\/mitglieder_fr.html', {});<\/script>\t\t\t\t<\/div>\n\t\t\t\t<\/div>\n\t\t\t\t\t<\/div>\n\t\t\t\t<\/div>\n\t\t\t\t<\/div>\n\t\t","protected":false},"excerpt":{"rendered":"<p>Liens externes Sites web externes Liens int\u00e9ressants vers des sites web d&rsquo;entreprises de nos membres et d&rsquo;entreprises proches de l&rsquo;IGH dans le secteur de la technique du b\u00e2timent et de l&rsquo;\u00e9lectricit\u00e9, avec lesquelles nous collaborons et utilisons ainsi des synergies. Liens externes vers les pages d&rsquo;accueil de nos membres, qui offrent des informations \u00e9tendues sur [&hellip;]<\/p>\n","protected":false},"author":1,"featured_media":0,"parent":10291,"menu_order":4,"comment_status":"closed","ping_status":"closed","template":"","meta":{"footnotes":""},"class_list":["post-10358","page","type-page","status-publish","hentry"],"_links":{"self":[{"href":"https:\/\/igh01.worksite.ch\/fr\/wp-json\/wp\/v2\/pages\/10358","targetHints":{"allow":["GET"]}}],"collection":[{"href":"https:\/\/igh01.worksite.ch\/fr\/wp-json\/wp\/v2\/pages"}],"about":[{"href":"https:\/\/igh01.worksite.ch\/fr\/wp-json\/wp\/v2\/types\/page"}],"author":[{"embeddable":true,"href":"https:\/\/igh01.worksite.ch\/fr\/wp-json\/wp\/v2\/users\/1"}],"replies":[{"embeddable":true,"href":"https:\/\/igh01.worksite.ch\/fr\/wp-json\/wp\/v2\/comments?post=10358"}],"version-history":[{"count":0,"href":"https:\/\/igh01.worksite.ch\/fr\/wp-json\/wp\/v2\/pages\/10358\/revisions"}],"up":[{"embeddable":true,"href":"https:\/\/igh01.worksite.ch\/fr\/wp-json\/wp\/v2\/pages\/10291"}],"wp:attachment":[{"href":"https:\/\/igh01.worksite.ch\/fr\/wp-json\/wp\/v2\/media?parent=10358"}],"curies":[{"name":"wp","href":"https:\/\/api.w.org\/{rel}","templated":true}]}}