{"id":10407,"date":"2022-09-03T20:33:40","date_gmt":"2022-09-03T18:33:40","guid":{"rendered":"https:\/\/igh01.worksite.ch\/?page_id=10407"},"modified":"2024-08-16T17:03:58","modified_gmt":"2024-08-16T15:03:58","slug":"faq-kataloge","status":"publish","type":"page","link":"https:\/\/igh01.worksite.ch\/fr\/services\/faq\/faq-kataloge\/","title":{"rendered":"Questions fr\u00e9quentes sur les catalogues"},"content":{"rendered":"\t\t<div data-elementor-type=\"wp-page\" data-elementor-id=\"10407\" class=\"elementor elementor-10407 elementor-5360\" data-elementor-post-type=\"page\">\n\t\t\t\t<div class=\"elementor-element elementor-element-f7ee62d e-flex e-con-boxed e-con e-parent\" data-id=\"f7ee62d\" data-element_type=\"container\" data-e-type=\"container\" data-settings=\"{&quot;background_background&quot;:&quot;classic&quot;}\">\n\t\t\t\t\t<div class=\"e-con-inner\">\n\t\t<div class=\"elementor-element elementor-element-af39818 e-con-full e-flex e-con e-child\" data-id=\"af39818\" data-element_type=\"container\" data-e-type=\"container\" data-settings=\"{&quot;background_background&quot;:&quot;classic&quot;}\">\n\t\t\t\t<div class=\"elementor-element elementor-element-01b600e elementor-invisible elementor-widget elementor-widget-heading\" data-id=\"01b600e\" data-element_type=\"widget\" data-e-type=\"widget\" data-settings=\"{&quot;_animation&quot;:&quot;fadeInDown&quot;}\" data-widget_type=\"heading.default\">\n\t\t\t\t\t<h1 class=\"elementor-heading-title elementor-size-default\">Questions fr\u00e9quentes sur les catalogues<\/h1>\t\t\t\t<\/div>\n\t\t\t\t<div class=\"elementor-element elementor-element-9611f75 elementor-widget elementor-widget-html\" data-id=\"9611f75\" data-element_type=\"widget\" data-e-type=\"widget\" data-widget_type=\"html.default\">\n\t\t\t\t\t<nav aria-label=\"breadcrumbs\" class=\"rank-math-breadcrumb\"><p><span class=\"last\">Home<\/span><\/p><\/nav>\t\t\t\t<\/div>\n\t\t\t\t<\/div>\n\t\t\t\t\t<\/div>\n\t\t\t\t<\/div>\n\t\t<div class=\"elementor-element elementor-element-1ca4614 e-flex e-con-boxed e-con e-parent\" data-id=\"1ca4614\" data-element_type=\"container\" data-e-type=\"container\" data-settings=\"{&quot;background_background&quot;:&quot;classic&quot;}\">\n\t\t\t\t\t<div class=\"e-con-inner\">\n\t\t<div class=\"elementor-element elementor-element-ad3106b e-con-full e-flex e-con e-child\" data-id=\"ad3106b\" data-element_type=\"container\" data-e-type=\"container\" data-settings=\"{&quot;background_background&quot;:&quot;classic&quot;}\">\n\t\t<div class=\"elementor-element elementor-element-2be9c8e5 e-flex e-con-boxed e-con e-child\" data-id=\"2be9c8e5\" data-element_type=\"container\" data-e-type=\"container\" data-settings=\"{&quot;background_background&quot;:&quot;classic&quot;}\">\n\t\t\t\t\t<div class=\"e-con-inner\">\n\t\t\t\t<div class=\"elementor-element elementor-element-2e16c679 elementor-invisible elementor-widget elementor-widget-heading\" data-id=\"2e16c679\" data-element_type=\"widget\" data-e-type=\"widget\" data-settings=\"{&quot;_animation&quot;:&quot;fadeInDown&quot;}\" data-widget_type=\"heading.default\">\n\t\t\t\t\t<h3 class=\"elementor-heading-title elementor-size-default\">Questions fr\u00e9quentes<\/h3>\t\t\t\t<\/div>\n\t\t\t\t<div class=\"elementor-element elementor-element-47dd12f6 elementor-invisible elementor-widget elementor-widget-text-editor\" data-id=\"47dd12f6\" data-element_type=\"widget\" data-e-type=\"widget\" data-settings=\"{&quot;_animation&quot;:&quot;fadeInDown&quot;,&quot;_animation_delay&quot;:500}\" data-widget_type=\"text-editor.default\">\n\t\t\t\t\t\t\t\t\t<p>Vous trouverez ici une compilation des questions les plus fr\u00e9quentes sur les catalogues.<\/p>\t\t\t\t\t\t\t\t<\/div>\n\t\t\t\t\t<\/div>\n\t\t\t\t<\/div>\n\t\t\t\t<\/div>\n\t\t<div class=\"elementor-element elementor-element-7036863d e-con-full e-flex e-con e-child\" data-id=\"7036863d\" data-element_type=\"container\" data-e-type=\"container\" data-settings=\"{&quot;background_background&quot;:&quot;classic&quot;}\">\n\t\t<div class=\"elementor-element elementor-element-39732243 e-con-full e-flex e-con e-child\" data-id=\"39732243\" data-element_type=\"container\" data-e-type=\"container\" data-settings=\"{&quot;background_background&quot;:&quot;classic&quot;}\">\n\t\t\t\t<div class=\"elementor-element elementor-element-357e1765 elementor-widget elementor-widget-image\" data-id=\"357e1765\" data-element_type=\"widget\" data-e-type=\"widget\" data-widget_type=\"image.default\">\n\t\t\t\t\t\t\t\t\t\t\t\t\t\t\t<img fetchpriority=\"high\" decoding=\"async\" width=\"640\" height=\"512\" src=\"https:\/\/igh01.worksite.ch\/wp-content\/uploads\/2022\/11\/faq1-1-1.svg\" class=\"attachment-large size-large wp-image-8234\" alt=\"\" \/>\t\t\t\t\t\t\t\t\t\t\t\t\t\t\t<\/div>\n\t\t\t\t<\/div>\n\t\t\t\t<\/div>\n\t\t\t\t\t<\/div>\n\t\t\t\t<\/div>\n\t\t<div class=\"elementor-element elementor-element-495d06a e-flex e-con-boxed e-con e-parent\" data-id=\"495d06a\" data-element_type=\"container\" data-e-type=\"container\" data-settings=\"{&quot;background_background&quot;:&quot;classic&quot;}\">\n\t\t\t\t\t<div class=\"e-con-inner\">\n\t\t<div class=\"elementor-element elementor-element-852d48e e-con-full e-flex e-con e-child\" data-id=\"852d48e\" data-element_type=\"container\" data-e-type=\"container\" data-settings=\"{&quot;background_background&quot;:&quot;classic&quot;}\">\n\t\t\t\t<div class=\"elementor-element elementor-element-4c8b108 elementor-invisible elementor-widget elementor-widget-heading\" data-id=\"4c8b108\" data-element_type=\"widget\" data-e-type=\"widget\" data-settings=\"{&quot;_animation&quot;:&quot;fadeInDown&quot;}\" data-widget_type=\"heading.default\">\n\t\t\t\t\t<h3 class=\"elementor-heading-title elementor-size-default\">Questions sur les catalogues<\/h3>\t\t\t\t<\/div>\n\t\t\t\t<div class=\"elementor-element elementor-element-2f6ce09c elementor-widget elementor-widget-tp-accordion\" data-id=\"2f6ce09c\" data-element_type=\"widget\" data-e-type=\"widget\" data-widget_type=\"tp-accordion.default\">\n\t\t\t\t\t\n<div class=\"theplus-accordion-wrapper elementor-accordion  tp-stageraccr  \"\n    id=\"accordion69e2438d825af\" data-accordion-id=\"accordion69e2438d825af\"\n    data-connection=\"\"\n    data-accordion-type=\"accordion\"\n    data-heightlight-text       data-stager-vd-accr=\"500\" data-stager-gap-accr=\"500\" role=\"tablist\" >\n\n            <div class=\"theplus-accordion-item\"  role=\"tab\">\n            <div id=\"elementor-tab-title-7951\" class=\"elementor-tab-title plus-accordion-header 0 text-left \" data-tab=\"1\" aria-controls=\"elementor-tab-content-7951\">\n                                <span class=\"elementor-accordion-icon elementor-accordion-icon-left\" aria-hidden=\"true\"><span class=\"elementor-accordion-icon-closed\"><svg xmlns=\"http:\/\/www.w3.org\/2000\/svg\" viewBox=\"0 0 512 512\" style=\"enable-background:new 0 0 512 512\" xml:space=\"preserve\">  <path d=\"M168 280c-13.3 0-24-10.7-24-24s10.7-24 24-24h64v-64c0-13.3 10.7-24 24-24s24 10.7 24 24v64h64c13.3 0 24 10.7 24 24s-10.7 24-24 24h-64v64c0 13.3-10.7 24-24 24s-24-10.7-24-24v-64h-64z\" style=\"fill:#007daa\"><\/path>  <path d=\"M0 256C0 114.6 114.6 0 256 0s256 114.6 256 256-114.6 256-256 256S0 397.4 0 256zm256 112c13.3 0 24-10.7 24-24v-64h64c13.3 0 24-10.7 24-24s-10.7-24-24-24h-64v-64c0-13.3-10.7-24-24-24s-24 10.7-24 24v64h-64c-13.3 0-24 10.7-24 24s10.7 24 24 24h64v64c0 13.3 10.7 24 24 24z\" style=\"fill:#a4ccdc;enable-background:new\"><\/path><\/svg><\/span><span class=\"elementor-accordion-icon-opened\"><svg xmlns=\"http:\/\/www.w3.org\/2000\/svg\" viewBox=\"0 0 512 512\" style=\"enable-background:new 0 0 512 512\" xml:space=\"preserve\">  <path d=\"M144 256c0-13.3 10.7-24 24-24h176c13.3 0 24 10.7 24 24s-10.7 24-24 24H168c-13.3 0-24-10.7-24-24z\" style=\"fill:#007daa\"><\/path>  <path d=\"M0 256C0 114.6 114.6 0 256 0s256 114.6 256 256-114.6 256-256 256S0 397.4 0 256zm168-24c-13.3 0-24 10.7-24 24s10.7 24 24 24h176c13.3 0 24-10.7 24-24s-10.7-24-24-24H168z\" style=\"fill:#a4ccdc;enable-background:new\"><\/path><\/svg><\/span><\/span>\n                <span style=\"width:100%\">Quelles conditions doivent \u00eatre remplies pour pouvoir publier un catalogue ?<\/span>                            <\/div>\n\n                        <div id=\"elementor-tab-content-7951\" class=\"elementor-tab-content elementor-clearfix plus-accordion-content 0 \" data-tab=\"1\" role=\"tabpanel\" aria-labelledby=\"elementor-tab-title-7951\">\n                <div class=\"plus-content-editor\" >L&rsquo;\u00e9diteur du catalogue doit \u00eatre membre de l&rsquo;IGH. Les donn\u00e9es du catalogue doivent \u00eatre conformes \u00e0 la norme DataExpert<sup>\u00ae<\/sup>. Le bureau de l&rsquo;IGH soutient les membres en leur fournissant tous les formats de livraison possibles afin de remplir les conditions de DataExpert<sup>\u00ae<\/sup>.<\/div>\n            <\/div>\n                    <\/div>\n                <div class=\"theplus-accordion-item\"  role=\"tab\">\n            <div id=\"elementor-tab-title-7952\" class=\"elementor-tab-title plus-accordion-header 0 text-left \" data-tab=\"2\" aria-controls=\"elementor-tab-content-7952\">\n                                <span class=\"elementor-accordion-icon elementor-accordion-icon-left\" aria-hidden=\"true\"><span class=\"elementor-accordion-icon-closed\"><svg xmlns=\"http:\/\/www.w3.org\/2000\/svg\" viewBox=\"0 0 512 512\" style=\"enable-background:new 0 0 512 512\" xml:space=\"preserve\">  <path d=\"M168 280c-13.3 0-24-10.7-24-24s10.7-24 24-24h64v-64c0-13.3 10.7-24 24-24s24 10.7 24 24v64h64c13.3 0 24 10.7 24 24s-10.7 24-24 24h-64v64c0 13.3-10.7 24-24 24s-24-10.7-24-24v-64h-64z\" style=\"fill:#007daa\"><\/path>  <path d=\"M0 256C0 114.6 114.6 0 256 0s256 114.6 256 256-114.6 256-256 256S0 397.4 0 256zm256 112c13.3 0 24-10.7 24-24v-64h64c13.3 0 24-10.7 24-24s-10.7-24-24-24h-64v-64c0-13.3-10.7-24-24-24s-24 10.7-24 24v64h-64c-13.3 0-24 10.7-24 24s10.7 24 24 24h64v64c0 13.3 10.7 24 24 24z\" style=\"fill:#a4ccdc;enable-background:new\"><\/path><\/svg><\/span><span class=\"elementor-accordion-icon-opened\"><svg xmlns=\"http:\/\/www.w3.org\/2000\/svg\" viewBox=\"0 0 512 512\" style=\"enable-background:new 0 0 512 512\" xml:space=\"preserve\">  <path d=\"M144 256c0-13.3 10.7-24 24-24h176c13.3 0 24 10.7 24 24s-10.7 24-24 24H168c-13.3 0-24-10.7-24-24z\" style=\"fill:#007daa\"><\/path>  <path d=\"M0 256C0 114.6 114.6 0 256 0s256 114.6 256 256-114.6 256-256 256S0 397.4 0 256zm168-24c-13.3 0-24 10.7-24 24s10.7 24 24 24h176c13.3 0 24-10.7 24-24s-10.7-24-24-24H168z\" style=\"fill:#a4ccdc;enable-background:new\"><\/path><\/svg><\/span><\/span>\n                <span style=\"width:100%\">Qui peut t\u00e9l\u00e9charger des catalogues ?<\/span>                            <\/div>\n\n                        <div id=\"elementor-tab-content-7952\" class=\"elementor-tab-content elementor-clearfix plus-accordion-content 0 \" data-tab=\"2\" role=\"tabpanel\" aria-labelledby=\"elementor-tab-title-7952\">\n                <div class=\"plus-content-editor\" ><p>Toutes les personnes int\u00e9ress\u00e9es.<\/p><p>Les donn\u00e9es des catalogues peuvent \u00eatre import\u00e9es directement en ligne dans les applications sectorielles utilis\u00e9es.<\/p><p>Cependant, tous les catalogues peuvent \u00e9galement \u00eatre utilis\u00e9s directement sous <a title=\"DataSelect.ch\" href=\"https:\/\/www.DataSeleect.ch\" target=\"_blank\" rel=\"noopener\">DataSelect.ch<\/a>.<\/p><\/div>\n            <\/div>\n                    <\/div>\n                <div class=\"theplus-accordion-item\"  role=\"tab\">\n            <div id=\"elementor-tab-title-7953\" class=\"elementor-tab-title plus-accordion-header 0 text-left \" data-tab=\"3\" aria-controls=\"elementor-tab-content-7953\">\n                                <span class=\"elementor-accordion-icon elementor-accordion-icon-left\" aria-hidden=\"true\"><span class=\"elementor-accordion-icon-closed\"><svg xmlns=\"http:\/\/www.w3.org\/2000\/svg\" viewBox=\"0 0 512 512\" style=\"enable-background:new 0 0 512 512\" xml:space=\"preserve\">  <path d=\"M168 280c-13.3 0-24-10.7-24-24s10.7-24 24-24h64v-64c0-13.3 10.7-24 24-24s24 10.7 24 24v64h64c13.3 0 24 10.7 24 24s-10.7 24-24 24h-64v64c0 13.3-10.7 24-24 24s-24-10.7-24-24v-64h-64z\" style=\"fill:#007daa\"><\/path>  <path d=\"M0 256C0 114.6 114.6 0 256 0s256 114.6 256 256-114.6 256-256 256S0 397.4 0 256zm256 112c13.3 0 24-10.7 24-24v-64h64c13.3 0 24-10.7 24-24s-10.7-24-24-24h-64v-64c0-13.3-10.7-24-24-24s-24 10.7-24 24v64h-64c-13.3 0-24 10.7-24 24s10.7 24 24 24h64v64c0 13.3 10.7 24 24 24z\" style=\"fill:#a4ccdc;enable-background:new\"><\/path><\/svg><\/span><span class=\"elementor-accordion-icon-opened\"><svg xmlns=\"http:\/\/www.w3.org\/2000\/svg\" viewBox=\"0 0 512 512\" style=\"enable-background:new 0 0 512 512\" xml:space=\"preserve\">  <path d=\"M144 256c0-13.3 10.7-24 24-24h176c13.3 0 24 10.7 24 24s-10.7 24-24 24H168c-13.3 0-24-10.7-24-24z\" style=\"fill:#007daa\"><\/path>  <path d=\"M0 256C0 114.6 114.6 0 256 0s256 114.6 256 256-114.6 256-256 256S0 397.4 0 256zm168-24c-13.3 0-24 10.7-24 24s10.7 24 24 24h176c13.3 0 24-10.7 24-24s-10.7-24-24-24H168z\" style=\"fill:#a4ccdc;enable-background:new\"><\/path><\/svg><\/span><\/span>\n                <span style=\"width:100%\">Quels sont les co\u00fbts engendr\u00e9s par le t\u00e9l\u00e9chargement d'un catalogue ?<\/span>                            <\/div>\n\n                        <div id=\"elementor-tab-content-7953\" class=\"elementor-tab-content elementor-clearfix plus-accordion-content 0 \" data-tab=\"3\" role=\"tabpanel\" aria-labelledby=\"elementor-tab-title-7953\">\n                <div class=\"plus-content-editor\" ><p>Il n&rsquo;y a pas de frais pour l&rsquo;utilisateur du catalogue, ni lors du t\u00e9l\u00e9chargement, ni lors de l&rsquo;utilisation des donn\u00e9es du catalogue. Les co\u00fbts li\u00e9s au test et \u00e0 la publication des catalogues sont pris en charge par l&rsquo;\u00e9diteur du catalogue.<\/p><\/div>\n            <\/div>\n                    <\/div>\n                <div class=\"theplus-accordion-item\"  role=\"tab\">\n            <div id=\"elementor-tab-title-7954\" class=\"elementor-tab-title plus-accordion-header 0 text-left \" data-tab=\"4\" aria-controls=\"elementor-tab-content-7954\">\n                                <span class=\"elementor-accordion-icon elementor-accordion-icon-left\" aria-hidden=\"true\"><span class=\"elementor-accordion-icon-closed\"><svg xmlns=\"http:\/\/www.w3.org\/2000\/svg\" viewBox=\"0 0 512 512\" style=\"enable-background:new 0 0 512 512\" xml:space=\"preserve\">  <path d=\"M168 280c-13.3 0-24-10.7-24-24s10.7-24 24-24h64v-64c0-13.3 10.7-24 24-24s24 10.7 24 24v64h64c13.3 0 24 10.7 24 24s-10.7 24-24 24h-64v64c0 13.3-10.7 24-24 24s-24-10.7-24-24v-64h-64z\" style=\"fill:#007daa\"><\/path>  <path d=\"M0 256C0 114.6 114.6 0 256 0s256 114.6 256 256-114.6 256-256 256S0 397.4 0 256zm256 112c13.3 0 24-10.7 24-24v-64h64c13.3 0 24-10.7 24-24s-10.7-24-24-24h-64v-64c0-13.3-10.7-24-24-24s-24 10.7-24 24v64h-64c-13.3 0-24 10.7-24 24s10.7 24 24 24h64v64c0 13.3 10.7 24 24 24z\" style=\"fill:#a4ccdc;enable-background:new\"><\/path><\/svg><\/span><span class=\"elementor-accordion-icon-opened\"><svg xmlns=\"http:\/\/www.w3.org\/2000\/svg\" viewBox=\"0 0 512 512\" style=\"enable-background:new 0 0 512 512\" xml:space=\"preserve\">  <path d=\"M144 256c0-13.3 10.7-24 24-24h176c13.3 0 24 10.7 24 24s-10.7 24-24 24H168c-13.3 0-24-10.7-24-24z\" style=\"fill:#007daa\"><\/path>  <path d=\"M0 256C0 114.6 114.6 0 256 0s256 114.6 256 256-114.6 256-256 256S0 397.4 0 256zm168-24c-13.3 0-24 10.7-24 24s10.7 24 24 24h176c13.3 0 24-10.7 24-24s-10.7-24-24-24H168z\" style=\"fill:#a4ccdc;enable-background:new\"><\/path><\/svg><\/span><\/span>\n                <span style=\"width:100%\">Le catalogue publi\u00e9 par le fournisseur de mon choix est compl\u00e8tement obsol\u00e8te. Que puis-je faire ?<\/span>                            <\/div>\n\n                        <div id=\"elementor-tab-content-7954\" class=\"elementor-tab-content elementor-clearfix plus-accordion-content 0 \" data-tab=\"4\" role=\"tabpanel\" aria-labelledby=\"elementor-tab-title-7954\">\n                <div class=\"plus-content-editor\" ><p>L&rsquo;IGH incite les fournisseurs \u00e0 proposer des catalogues toujours \u00e0 jour dans leur offre.<\/p><p>La fr\u00e9quence et le moment de la mise \u00e0 jour d&rsquo;un catalogue rel\u00e8vent uniquement de l&rsquo;\u00e9diteur du catalogue (fournisseur). Si vous estimez qu&rsquo;un catalogue n&rsquo;est plus \u00e0 jour, vous devriez le signaler directement au fournisseur (\u00e9diteur du catalogue).<\/p><\/div>\n            <\/div>\n                    <\/div>\n        \n<\/div>\n\t\t\t\t<\/div>\n\t\t\t\t<\/div>\n\t\t\t\t\t<\/div>\n\t\t\t\t<\/div>\n\t\t\t\t<\/div>\n\t\t","protected":false},"excerpt":{"rendered":"<p>Questions fr\u00e9quentes sur les catalogues Questions fr\u00e9quentes Vous trouverez ici une compilation des questions les plus fr\u00e9quentes sur les catalogues. Questions sur les catalogues Quelles conditions doivent \u00eatre remplies pour pouvoir publier un catalogue ? L&#8217;\u00e9diteur du catalogue doit \u00eatre membre de l&#8217;IGH. Les donn\u00e9es du catalogue doivent \u00eatre conformes \u00e0 la norme DataExpert\u00ae. Le [&hellip;]<\/p>\n","protected":false},"author":1,"featured_media":0,"parent":10374,"menu_order":2,"comment_status":"closed","ping_status":"closed","template":"","meta":{"footnotes":""},"class_list":["post-10407","page","type-page","status-publish","hentry"],"_links":{"self":[{"href":"https:\/\/igh01.worksite.ch\/fr\/wp-json\/wp\/v2\/pages\/10407","targetHints":{"allow":["GET"]}}],"collection":[{"href":"https:\/\/igh01.worksite.ch\/fr\/wp-json\/wp\/v2\/pages"}],"about":[{"href":"https:\/\/igh01.worksite.ch\/fr\/wp-json\/wp\/v2\/types\/page"}],"author":[{"embeddable":true,"href":"https:\/\/igh01.worksite.ch\/fr\/wp-json\/wp\/v2\/users\/1"}],"replies":[{"embeddable":true,"href":"https:\/\/igh01.worksite.ch\/fr\/wp-json\/wp\/v2\/comments?post=10407"}],"version-history":[{"count":0,"href":"https:\/\/igh01.worksite.ch\/fr\/wp-json\/wp\/v2\/pages\/10407\/revisions"}],"up":[{"embeddable":true,"href":"https:\/\/igh01.worksite.ch\/fr\/wp-json\/wp\/v2\/pages\/10374"}],"wp:attachment":[{"href":"https:\/\/igh01.worksite.ch\/fr\/wp-json\/wp\/v2\/media?parent=10407"}],"curies":[{"name":"wp","href":"https:\/\/api.w.org\/{rel}","templated":true}]}}