{"id":10452,"date":"2022-09-03T20:36:42","date_gmt":"2022-09-03T18:36:42","guid":{"rendered":"https:\/\/igh01.worksite.ch\/?page_id=10452"},"modified":"2024-08-16T16:57:29","modified_gmt":"2024-08-16T14:57:29","slug":"faq-e-rechnungen","status":"publish","type":"page","link":"https:\/\/igh01.worksite.ch\/fr\/services\/faq\/faq-e-rechnungen\/","title":{"rendered":"Questions fr\u00e9quentes sur les e-factures"},"content":{"rendered":"\t\t<div data-elementor-type=\"wp-page\" data-elementor-id=\"10452\" class=\"elementor elementor-10452 elementor-5375\" data-elementor-post-type=\"page\">\n\t\t\t\t<div class=\"elementor-element elementor-element-f7ee62d e-flex e-con-boxed e-con e-parent\" data-id=\"f7ee62d\" data-element_type=\"container\" data-e-type=\"container\" data-settings=\"{&quot;background_background&quot;:&quot;classic&quot;}\">\n\t\t\t\t\t<div class=\"e-con-inner\">\n\t\t<div class=\"elementor-element elementor-element-af39818 e-con-full e-flex e-con e-child\" data-id=\"af39818\" data-element_type=\"container\" data-e-type=\"container\" data-settings=\"{&quot;background_background&quot;:&quot;classic&quot;}\">\n\t\t\t\t<div class=\"elementor-element elementor-element-01b600e elementor-invisible elementor-widget elementor-widget-heading\" data-id=\"01b600e\" data-element_type=\"widget\" data-e-type=\"widget\" data-settings=\"{&quot;_animation&quot;:&quot;fadeInDown&quot;}\" data-widget_type=\"heading.default\">\n\t\t\t\t\t<h1 class=\"elementor-heading-title elementor-size-default\">Questions fr\u00e9quentes sur les e-factures<\/h1>\t\t\t\t<\/div>\n\t\t\t\t<div class=\"elementor-element elementor-element-9611f75 elementor-widget elementor-widget-html\" data-id=\"9611f75\" data-element_type=\"widget\" data-e-type=\"widget\" data-widget_type=\"html.default\">\n\t\t\t\t\t<nav aria-label=\"breadcrumbs\" class=\"rank-math-breadcrumb\"><p><span class=\"last\">Home<\/span><\/p><\/nav>\t\t\t\t<\/div>\n\t\t\t\t<\/div>\n\t\t\t\t\t<\/div>\n\t\t\t\t<\/div>\n\t\t<div class=\"elementor-element elementor-element-4d1a99c e-flex e-con-boxed e-con e-parent\" data-id=\"4d1a99c\" data-element_type=\"container\" data-e-type=\"container\" data-settings=\"{&quot;background_background&quot;:&quot;classic&quot;}\">\n\t\t\t\t\t<div class=\"e-con-inner\">\n\t\t<div class=\"elementor-element elementor-element-1fb199ee e-con-full e-flex e-con e-child\" data-id=\"1fb199ee\" data-element_type=\"container\" data-e-type=\"container\" data-settings=\"{&quot;background_background&quot;:&quot;classic&quot;}\">\n\t\t<div class=\"elementor-element elementor-element-2d269cb6 e-flex e-con-boxed e-con e-child\" data-id=\"2d269cb6\" data-element_type=\"container\" data-e-type=\"container\" data-settings=\"{&quot;background_background&quot;:&quot;classic&quot;}\">\n\t\t\t\t\t<div class=\"e-con-inner\">\n\t\t\t\t<div class=\"elementor-element elementor-element-126abff1 elementor-invisible elementor-widget elementor-widget-heading\" data-id=\"126abff1\" data-element_type=\"widget\" data-e-type=\"widget\" data-settings=\"{&quot;_animation&quot;:&quot;fadeInDown&quot;}\" data-widget_type=\"heading.default\">\n\t\t\t\t\t<h2 class=\"elementor-heading-title elementor-size-default\">Foire aux questions\n<\/h2>\t\t\t\t<\/div>\n\t\t\t\t<div class=\"elementor-element elementor-element-783168 elementor-invisible elementor-widget elementor-widget-text-editor\" data-id=\"783168\" data-element_type=\"widget\" data-e-type=\"widget\" data-settings=\"{&quot;_animation&quot;:&quot;fadeInDown&quot;,&quot;_animation_delay&quot;:500}\" data-widget_type=\"text-editor.default\">\n\t\t\t\t\t\t\t\t\t<p>Vous trouverez ici une compilation des questions les plus fr\u00e9quentes sur les e-factures.<\/p>\t\t\t\t\t\t\t\t<\/div>\n\t\t\t\t\t<\/div>\n\t\t\t\t<\/div>\n\t\t\t\t<\/div>\n\t\t<div class=\"elementor-element elementor-element-4017b57d e-con-full e-flex e-con e-child\" data-id=\"4017b57d\" data-element_type=\"container\" data-e-type=\"container\" data-settings=\"{&quot;background_background&quot;:&quot;classic&quot;}\">\n\t\t<div class=\"elementor-element elementor-element-50b59105 e-con-full e-flex e-con e-child\" data-id=\"50b59105\" data-element_type=\"container\" data-e-type=\"container\" data-settings=\"{&quot;background_background&quot;:&quot;classic&quot;}\">\n\t\t\t\t<div class=\"elementor-element elementor-element-4e21d77b elementor-widget elementor-widget-image\" data-id=\"4e21d77b\" data-element_type=\"widget\" data-e-type=\"widget\" data-widget_type=\"image.default\">\n\t\t\t\t\t\t\t\t\t\t\t\t\t\t\t<img fetchpriority=\"high\" decoding=\"async\" width=\"640\" height=\"512\" src=\"https:\/\/igh01.worksite.ch\/wp-content\/uploads\/2022\/11\/faq1-1-1-1.svg\" class=\"attachment-large size-large wp-image-8260\" alt=\"\" \/>\t\t\t\t\t\t\t\t\t\t\t\t\t\t\t<\/div>\n\t\t\t\t<\/div>\n\t\t\t\t<\/div>\n\t\t\t\t\t<\/div>\n\t\t\t\t<\/div>\n\t\t<div class=\"elementor-element elementor-element-3fbf18f e-flex e-con-boxed e-con e-parent\" data-id=\"3fbf18f\" data-element_type=\"container\" data-e-type=\"container\" data-settings=\"{&quot;background_background&quot;:&quot;classic&quot;}\">\n\t\t\t\t\t<div class=\"e-con-inner\">\n\t\t<div class=\"elementor-element elementor-element-6eb2b53f e-con-full e-flex e-con e-child\" data-id=\"6eb2b53f\" data-element_type=\"container\" data-e-type=\"container\" data-settings=\"{&quot;background_background&quot;:&quot;classic&quot;}\">\n\t\t\t\t<div class=\"elementor-element elementor-element-6262eff0 elementor-invisible elementor-widget elementor-widget-heading\" data-id=\"6262eff0\" data-element_type=\"widget\" data-e-type=\"widget\" data-settings=\"{&quot;_animation&quot;:&quot;fadeInDown&quot;}\" data-widget_type=\"heading.default\">\n\t\t\t\t\t<h3 class=\"elementor-heading-title elementor-size-default\">Questions sur les e-factures\n<\/h3>\t\t\t\t<\/div>\n\t\t\t\t<div class=\"elementor-element elementor-element-6149ea61 elementor-widget elementor-widget-tp-accordion\" data-id=\"6149ea61\" data-element_type=\"widget\" data-e-type=\"widget\" data-widget_type=\"tp-accordion.default\">\n\t\t\t\t\t\n<div class=\"theplus-accordion-wrapper elementor-accordion  tp-stageraccr  \"\n    id=\"accordion69e2305b3b7db\" data-accordion-id=\"accordion69e2305b3b7db\"\n    data-connection=\"\"\n    data-accordion-type=\"accordion\"\n    data-heightlight-text       data-stager-vd-accr=\"500\" data-stager-gap-accr=\"500\" role=\"tablist\" >\n\n            <div class=\"theplus-accordion-item\"  role=\"tab\">\n            <div id=\"elementor-tab-title-1631\" class=\"elementor-tab-title plus-accordion-header 0 text-left \" data-tab=\"1\" aria-controls=\"elementor-tab-content-1631\">\n                                <span class=\"elementor-accordion-icon elementor-accordion-icon-left\" aria-hidden=\"true\"><span class=\"elementor-accordion-icon-closed\"><svg xmlns=\"http:\/\/www.w3.org\/2000\/svg\" viewBox=\"0 0 512 512\" style=\"enable-background:new 0 0 512 512\" xml:space=\"preserve\">  <path d=\"M168 280c-13.3 0-24-10.7-24-24s10.7-24 24-24h64v-64c0-13.3 10.7-24 24-24s24 10.7 24 24v64h64c13.3 0 24 10.7 24 24s-10.7 24-24 24h-64v64c0 13.3-10.7 24-24 24s-24-10.7-24-24v-64h-64z\" style=\"fill:#007daa\"><\/path>  <path d=\"M0 256C0 114.6 114.6 0 256 0s256 114.6 256 256-114.6 256-256 256S0 397.4 0 256zm256 112c13.3 0 24-10.7 24-24v-64h64c13.3 0 24-10.7 24-24s-10.7-24-24-24h-64v-64c0-13.3-10.7-24-24-24s-24 10.7-24 24v64h-64c-13.3 0-24 10.7-24 24s10.7 24 24 24h64v64c0 13.3 10.7 24 24 24z\" style=\"fill:#a4ccdc;enable-background:new\"><\/path><\/svg><\/span><span class=\"elementor-accordion-icon-opened\"><svg xmlns=\"http:\/\/www.w3.org\/2000\/svg\" viewBox=\"0 0 512 512\" style=\"enable-background:new 0 0 512 512\" xml:space=\"preserve\">  <path d=\"M144 256c0-13.3 10.7-24 24-24h176c13.3 0 24 10.7 24 24s-10.7 24-24 24H168c-13.3 0-24-10.7-24-24z\" style=\"fill:#007daa\"><\/path>  <path d=\"M0 256C0 114.6 114.6 0 256 0s256 114.6 256 256-114.6 256-256 256S0 397.4 0 256zm168-24c-13.3 0-24 10.7-24 24s10.7 24 24 24h176c13.3 0 24-10.7 24-24s-10.7-24-24-24H168z\" style=\"fill:#a4ccdc;enable-background:new\"><\/path><\/svg><\/span><\/span>\n                <span style=\"width:100%\">Que sont les e-factures et quels sont leurs avantages ?<\/span>                            <\/div>\n\n                        <div id=\"elementor-tab-content-1631\" class=\"elementor-tab-content elementor-clearfix plus-accordion-content 0 \" data-tab=\"1\" role=\"tabpanel\" aria-labelledby=\"elementor-tab-title-1631\">\n                <div class=\"plus-content-editor\" >Dans le cas des e-factures, les donn\u00e9es sont converties \u00e9lectroniquement du format DataExpert<sup>\u00ae<\/sup> au format PostFinance \u00e0 l&rsquo;aide de l&rsquo;adaptateur Yellowbill, y compris le fichier PDF int\u00e9gr\u00e9, et transmises \u00e0 PostFinance. La transmission \u00e9lectronique \u00e9vite la saisie de toutes les informations (r\u00e9f\u00e9rences, num\u00e9ros de compte, etc.). Les e-factures pr\u00e9servent l&rsquo;environnement, car elles sont transmises sans papier. Les e-factures peuvent \u00eatre import\u00e9es directement dans le logiciel financier de l&rsquo;entreprise pour \u00eatre trait\u00e9es, ce qui \u00e9vite les archives papier. Les e-factures sont s\u00fbres, rapides, simples et permettent d&rsquo;\u00e9conomiser des ressources.<\/div>\n            <\/div>\n                    <\/div>\n                <div class=\"theplus-accordion-item\"  role=\"tab\">\n            <div id=\"elementor-tab-title-1632\" class=\"elementor-tab-title plus-accordion-header 0 text-left \" data-tab=\"2\" aria-controls=\"elementor-tab-content-1632\">\n                                <span class=\"elementor-accordion-icon elementor-accordion-icon-left\" aria-hidden=\"true\"><span class=\"elementor-accordion-icon-closed\"><svg xmlns=\"http:\/\/www.w3.org\/2000\/svg\" viewBox=\"0 0 512 512\" style=\"enable-background:new 0 0 512 512\" xml:space=\"preserve\">  <path d=\"M168 280c-13.3 0-24-10.7-24-24s10.7-24 24-24h64v-64c0-13.3 10.7-24 24-24s24 10.7 24 24v64h64c13.3 0 24 10.7 24 24s-10.7 24-24 24h-64v64c0 13.3-10.7 24-24 24s-24-10.7-24-24v-64h-64z\" style=\"fill:#007daa\"><\/path>  <path d=\"M0 256C0 114.6 114.6 0 256 0s256 114.6 256 256-114.6 256-256 256S0 397.4 0 256zm256 112c13.3 0 24-10.7 24-24v-64h64c13.3 0 24-10.7 24-24s-10.7-24-24-24h-64v-64c0-13.3-10.7-24-24-24s-24 10.7-24 24v64h-64c-13.3 0-24 10.7-24 24s10.7 24 24 24h64v64c0 13.3 10.7 24 24 24z\" style=\"fill:#a4ccdc;enable-background:new\"><\/path><\/svg><\/span><span class=\"elementor-accordion-icon-opened\"><svg xmlns=\"http:\/\/www.w3.org\/2000\/svg\" viewBox=\"0 0 512 512\" style=\"enable-background:new 0 0 512 512\" xml:space=\"preserve\">  <path d=\"M144 256c0-13.3 10.7-24 24-24h176c13.3 0 24 10.7 24 24s-10.7 24-24 24H168c-13.3 0-24-10.7-24-24z\" style=\"fill:#007daa\"><\/path>  <path d=\"M0 256C0 114.6 114.6 0 256 0s256 114.6 256 256-114.6 256-256 256S0 397.4 0 256zm168-24c-13.3 0-24 10.7-24 24s10.7 24 24 24h176c13.3 0 24-10.7 24-24s-10.7-24-24-24H168z\" style=\"fill:#a4ccdc;enable-background:new\"><\/path><\/svg><\/span><\/span>\n                <span style=\"width:100%\">Nos clients exigent une e-facture. Que devons-nous faire ?<\/span>                            <\/div>\n\n                        <div id=\"elementor-tab-content-1632\" class=\"elementor-tab-content elementor-clearfix plus-accordion-content 0 \" data-tab=\"2\" role=\"tabpanel\" aria-labelledby=\"elementor-tab-title-1632\">\n                <div class=\"plus-content-editor\" ><p>En tant que membre d&rsquo;IGH, vous pouvez utiliser l&rsquo;adaptateur Yellowbill. Cela signifie que vous pouvez \u00e9tablir toutes vos factures au format DataExpert<sup>\u00ae<\/sup>. L&rsquo;adaptateur se charge de la conversion et de la transmission \u00e0 PostFinance.<\/p><p>En tant que membre IGH, vous b\u00e9n\u00e9ficiez d&rsquo;un meilleur prix de transaction aupr\u00e8s de PostFinance, car nous sommes tax\u00e9s sur la base du nombre de factures de toutes les entreprises participantes.<\/p><p>Prenez contact avec <a title=\"Formulaire de contact de l'IGH\" href=\"https:\/\/igh01.worksite.ch\/fr\/die-igh\/kontakt\/#kontaktformular\" target=\"_blank\" rel=\"noopener\">l&rsquo;IGH<\/a> dans un 1er temps.<\/p><\/div>\n            <\/div>\n                    <\/div>\n                <div class=\"theplus-accordion-item\"  role=\"tab\">\n            <div id=\"elementor-tab-title-1633\" class=\"elementor-tab-title plus-accordion-header 0 text-left \" data-tab=\"3\" aria-controls=\"elementor-tab-content-1633\">\n                                <span class=\"elementor-accordion-icon elementor-accordion-icon-left\" aria-hidden=\"true\"><span class=\"elementor-accordion-icon-closed\"><svg xmlns=\"http:\/\/www.w3.org\/2000\/svg\" viewBox=\"0 0 512 512\" style=\"enable-background:new 0 0 512 512\" xml:space=\"preserve\">  <path d=\"M168 280c-13.3 0-24-10.7-24-24s10.7-24 24-24h64v-64c0-13.3 10.7-24 24-24s24 10.7 24 24v64h64c13.3 0 24 10.7 24 24s-10.7 24-24 24h-64v64c0 13.3-10.7 24-24 24s-24-10.7-24-24v-64h-64z\" style=\"fill:#007daa\"><\/path>  <path d=\"M0 256C0 114.6 114.6 0 256 0s256 114.6 256 256-114.6 256-256 256S0 397.4 0 256zm256 112c13.3 0 24-10.7 24-24v-64h64c13.3 0 24-10.7 24-24s-10.7-24-24-24h-64v-64c0-13.3-10.7-24-24-24s-24 10.7-24 24v64h-64c-13.3 0-24 10.7-24 24s10.7 24 24 24h64v64c0 13.3 10.7 24 24 24z\" style=\"fill:#a4ccdc;enable-background:new\"><\/path><\/svg><\/span><span class=\"elementor-accordion-icon-opened\"><svg xmlns=\"http:\/\/www.w3.org\/2000\/svg\" viewBox=\"0 0 512 512\" style=\"enable-background:new 0 0 512 512\" xml:space=\"preserve\">  <path d=\"M144 256c0-13.3 10.7-24 24-24h176c13.3 0 24 10.7 24 24s-10.7 24-24 24H168c-13.3 0-24-10.7-24-24z\" style=\"fill:#007daa\"><\/path>  <path d=\"M0 256C0 114.6 114.6 0 256 0s256 114.6 256 256-114.6 256-256 256S0 397.4 0 256zm168-24c-13.3 0-24 10.7-24 24s10.7 24 24 24h176c13.3 0 24-10.7 24-24s-10.7-24-24-24H168z\" style=\"fill:#a4ccdc;enable-background:new\"><\/path><\/svg><\/span><\/span>\n                <span style=\"width:100%\">Comment fonctionne le trafic des paiements \u00e9lectroniques via PostFinance ?<\/span>                            <\/div>\n\n                        <div id=\"elementor-tab-content-1633\" class=\"elementor-tab-content elementor-clearfix plus-accordion-content 0 \" data-tab=\"3\" role=\"tabpanel\" aria-labelledby=\"elementor-tab-title-1633\">\n                <div class=\"plus-content-editor\" ><p>Avec l&rsquo;introduction du d\u00e9clenchement automatique des paiements, de plus en plus de destinataires de factures exigent une e-facture. DataExpert\u00ae permet aux fournisseurs d&rsquo;\u00e9diter toutes les factures dans le m\u00eame format, ind\u00e9pendamment du fait que le destinataire de la facture demande la facture au format DataExpert\u00ae ou via PostFinance.<br \/>DataExpert\u00ae assure, si souhait\u00e9, la conversion au format PostFinance, ins\u00e8re \u00e0 cette occasion des informations suppl\u00e9mentaires et garantit \u00e9galement l&rsquo;\u00e9change de factures et de messages d&rsquo;\u00e9tat entre l&rsquo;\u00e9metteur de factures et PostFinance.<\/p><p>Les membres de l&rsquo;IGH, en tant qu&rsquo;\u00e9metteurs de factures, profitent de l&rsquo;avantage de prix n\u00e9goci\u00e9 par l&rsquo;IGH aupr\u00e8s du fournisseur de factures PostFinance.<\/p><\/div>\n            <\/div>\n                    <\/div>\n        \n<\/div>\n\t\t\t\t<\/div>\n\t\t\t\t<\/div>\n\t\t\t\t\t<\/div>\n\t\t\t\t<\/div>\n\t\t\t\t<\/div>\n\t\t","protected":false},"excerpt":{"rendered":"<p>Questions fr\u00e9quentes sur les e-factures Foire aux questions Vous trouverez ici une compilation des questions les plus fr\u00e9quentes sur les e-factures. Questions sur les e-factures Que sont les e-factures et quels sont leurs avantages ? Dans le cas des e-factures, les donn\u00e9es sont converties \u00e9lectroniquement du format DataExpert\u00ae au format PostFinance \u00e0 l&#8217;aide de l&#8217;adaptateur [&hellip;]<\/p>\n","protected":false},"author":1,"featured_media":0,"parent":10374,"menu_order":5,"comment_status":"closed","ping_status":"closed","template":"","meta":{"footnotes":""},"class_list":["post-10452","page","type-page","status-publish","hentry"],"_links":{"self":[{"href":"https:\/\/igh01.worksite.ch\/fr\/wp-json\/wp\/v2\/pages\/10452","targetHints":{"allow":["GET"]}}],"collection":[{"href":"https:\/\/igh01.worksite.ch\/fr\/wp-json\/wp\/v2\/pages"}],"about":[{"href":"https:\/\/igh01.worksite.ch\/fr\/wp-json\/wp\/v2\/types\/page"}],"author":[{"embeddable":true,"href":"https:\/\/igh01.worksite.ch\/fr\/wp-json\/wp\/v2\/users\/1"}],"replies":[{"embeddable":true,"href":"https:\/\/igh01.worksite.ch\/fr\/wp-json\/wp\/v2\/comments?post=10452"}],"version-history":[{"count":0,"href":"https:\/\/igh01.worksite.ch\/fr\/wp-json\/wp\/v2\/pages\/10452\/revisions"}],"up":[{"embeddable":true,"href":"https:\/\/igh01.worksite.ch\/fr\/wp-json\/wp\/v2\/pages\/10374"}],"wp:attachment":[{"href":"https:\/\/igh01.worksite.ch\/fr\/wp-json\/wp\/v2\/media?parent=10452"}],"curies":[{"name":"wp","href":"https:\/\/api.w.org\/{rel}","templated":true}]}}