{"id":10542,"date":"2022-09-03T09:29:56","date_gmt":"2022-09-03T07:29:56","guid":{"rendered":"https:\/\/igh01.worksite.ch\/?page_id=10542"},"modified":"2023-06-12T15:21:33","modified_gmt":"2023-06-12T13:21:33","slug":"mitglieder-newsletter","status":"publish","type":"page","link":"https:\/\/igh01.worksite.ch\/fr\/services\/bibliothek\/mitglieder-newsletter\/","title":{"rendered":"Lettre d&rsquo;information aux membres"},"content":{"rendered":"\t\t<div data-elementor-type=\"wp-page\" data-elementor-id=\"10542\" class=\"elementor elementor-10542 elementor-4956\" data-elementor-post-type=\"page\">\n\t\t\t\t<div class=\"elementor-element elementor-element-c64a988 e-flex e-con-boxed e-con e-parent\" data-id=\"c64a988\" data-element_type=\"container\" data-e-type=\"container\" data-settings=\"{&quot;background_background&quot;:&quot;classic&quot;}\">\n\t\t\t\t\t<div class=\"e-con-inner\">\n\t\t<div class=\"elementor-element elementor-element-8340c6e e-con-full e-flex e-con e-parent\" data-id=\"8340c6e\" data-element_type=\"container\" data-e-type=\"container\" data-settings=\"{&quot;background_background&quot;:&quot;classic&quot;}\">\n\t\t\t\t<div class=\"elementor-element elementor-element-781530c elementor-invisible elementor-widget elementor-widget-heading\" data-id=\"781530c\" data-element_type=\"widget\" data-e-type=\"widget\" data-settings=\"{&quot;_animation&quot;:&quot;fadeInDown&quot;}\" data-widget_type=\"heading.default\">\n\t\t\t\t\t<h1 class=\"elementor-heading-title elementor-size-default\">Lettres d'information aux membres<\/h1>\t\t\t\t<\/div>\n\t\t\t\t<div class=\"elementor-element elementor-element-935cbab elementor-widget elementor-widget-html\" data-id=\"935cbab\" data-element_type=\"widget\" data-e-type=\"widget\" data-widget_type=\"html.default\">\n\t\t\t\t\t<nav aria-label=\"breadcrumbs\" class=\"rank-math-breadcrumb\"><p><span class=\"last\">Home<\/span><\/p><\/nav>\t\t\t\t<\/div>\n\t\t\t\t<\/div>\n\t\t\t\t\t<\/div>\n\t\t\t\t<\/div>\n\t\t<div class=\"elementor-element elementor-element-e18c869 e-flex e-con-boxed e-con e-parent\" data-id=\"e18c869\" data-element_type=\"container\" data-e-type=\"container\" data-settings=\"{&quot;background_background&quot;:&quot;classic&quot;}\">\n\t\t\t\t\t<div class=\"e-con-inner\">\n\t\t<div class=\"elementor-element elementor-element-04e13fe e-con-full e-flex e-con e-parent\" data-id=\"04e13fe\" data-element_type=\"container\" data-e-type=\"container\" data-settings=\"{&quot;background_background&quot;:&quot;classic&quot;}\">\n\t\t<div class=\"elementor-element elementor-element-0a9fddd e-flex e-con-boxed e-con e-parent\" data-id=\"0a9fddd\" data-element_type=\"container\" data-e-type=\"container\" data-settings=\"{&quot;background_background&quot;:&quot;classic&quot;}\">\n\t\t\t\t\t<div class=\"e-con-inner\">\n\t\t\t\t<div class=\"elementor-element elementor-element-af896b4 elementor-invisible elementor-widget elementor-widget-heading\" data-id=\"af896b4\" data-element_type=\"widget\" data-e-type=\"widget\" data-settings=\"{&quot;_animation&quot;:&quot;fadeInDown&quot;}\" data-widget_type=\"heading.default\">\n\t\t\t\t\t<h2 class=\"elementor-heading-title elementor-size-default\">Archives des lettres d'information aux membres<\/h2>\t\t\t\t<\/div>\n\t\t\t\t<div class=\"elementor-element elementor-element-b6eade2 elementor-invisible elementor-widget elementor-widget-text-editor\" data-id=\"b6eade2\" data-element_type=\"widget\" data-e-type=\"widget\" data-settings=\"{&quot;_animation&quot;:&quot;fadeInDown&quot;,&quot;_animation_delay&quot;:500}\" data-widget_type=\"text-editor.default\">\n\t\t\t\t\t\t\t\t\t<p>On y trouve toutes les publications contenant des informations int\u00e9ressantes pour nos membres. La newsletter des membres est publi\u00e9e r\u00e9guli\u00e8rement depuis l&rsquo;ann\u00e9e 2021.<\/p>\t\t\t\t\t\t\t\t<\/div>\n\t\t\t\t\t<\/div>\n\t\t\t\t<\/div>\n\t\t\t\t<\/div>\n\t\t<div class=\"elementor-element elementor-element-2170287 e-con-full e-flex e-con e-parent\" data-id=\"2170287\" data-element_type=\"container\" data-e-type=\"container\" data-settings=\"{&quot;background_background&quot;:&quot;classic&quot;}\">\n\t\t<div class=\"elementor-element elementor-element-4bde37b e-con-full e-flex e-con e-parent\" data-id=\"4bde37b\" data-element_type=\"container\" data-e-type=\"container\" data-settings=\"{&quot;background_background&quot;:&quot;classic&quot;}\">\n\t\t\t\t<div class=\"elementor-element elementor-element-2f1e148 elementor-widget elementor-widget-image\" data-id=\"2f1e148\" data-element_type=\"widget\" data-e-type=\"widget\" data-widget_type=\"image.default\">\n\t\t\t\t\t\t\t\t\t\t\t\t\t\t\t<img decoding=\"async\" width=\"1\" height=\"1\" src=\"https:\/\/igh01.worksite.ch\/wp-content\/uploads\/file-signature1.svg\" class=\"attachment-large size-large wp-image-15961\" alt=\"\" \/>\t\t\t\t\t\t\t\t\t\t\t\t\t\t\t<\/div>\n\t\t\t\t<\/div>\n\t\t\t\t<\/div>\n\t\t\t\t\t<\/div>\n\t\t\t\t<\/div>\n\t\t<div class=\"elementor-element elementor-element-a30aa23 e-flex e-con-boxed e-con e-parent\" data-id=\"a30aa23\" data-element_type=\"container\" data-e-type=\"container\" data-settings=\"{&quot;background_background&quot;:&quot;classic&quot;}\">\n\t\t\t\t\t<div class=\"e-con-inner\">\n\t\t<div class=\"elementor-element elementor-element-9b6e6b5 e-con-full e-flex e-con e-parent\" data-id=\"9b6e6b5\" data-element_type=\"container\" data-e-type=\"container\" data-settings=\"{&quot;background_background&quot;:&quot;classic&quot;}\">\n\t\t\t\t<div class=\"elementor-element elementor-element-5572bed elementor-widget elementor-widget-html\" data-id=\"5572bed\" data-element_type=\"widget\" data-e-type=\"widget\" data-widget_type=\"html.default\">\n\t\t\t\t\t<div id=\"iframeigh\"><\/div>\n \n<script type=\"text\/javascript\" src=\"https:\/\/docs.igh01.worksite.ch\/js\/pym.js\"><\/script>\n<script>var pymParent = new pym.Parent('iframeigh', 'https:\/\/docs.igh01.worksite.ch\/seiten\/bibliothekMitNews_fr.html', {});<\/script>\t\t\t\t<\/div>\n\t\t\t\t<\/div>\n\t\t\t\t\t<\/div>\n\t\t\t\t<\/div>\n\t\t\t\t<\/div>\n\t\t","protected":false},"excerpt":{"rendered":"<p>Lettres d&rsquo;information aux membres Archives des lettres d&rsquo;information aux membres On y trouve toutes les publications contenant des informations int\u00e9ressantes pour nos membres. La newsletter des membres est publi\u00e9e r\u00e9guli\u00e8rement depuis l&rsquo;ann\u00e9e 2021.<\/p>\n","protected":false},"author":1,"featured_media":0,"parent":10505,"menu_order":2,"comment_status":"closed","ping_status":"closed","template":"","meta":{"footnotes":""},"class_list":["post-10542","page","type-page","status-publish","hentry"],"_links":{"self":[{"href":"https:\/\/igh01.worksite.ch\/fr\/wp-json\/wp\/v2\/pages\/10542","targetHints":{"allow":["GET"]}}],"collection":[{"href":"https:\/\/igh01.worksite.ch\/fr\/wp-json\/wp\/v2\/pages"}],"about":[{"href":"https:\/\/igh01.worksite.ch\/fr\/wp-json\/wp\/v2\/types\/page"}],"author":[{"embeddable":true,"href":"https:\/\/igh01.worksite.ch\/fr\/wp-json\/wp\/v2\/users\/1"}],"replies":[{"embeddable":true,"href":"https:\/\/igh01.worksite.ch\/fr\/wp-json\/wp\/v2\/comments?post=10542"}],"version-history":[{"count":0,"href":"https:\/\/igh01.worksite.ch\/fr\/wp-json\/wp\/v2\/pages\/10542\/revisions"}],"up":[{"embeddable":true,"href":"https:\/\/igh01.worksite.ch\/fr\/wp-json\/wp\/v2\/pages\/10505"}],"wp:attachment":[{"href":"https:\/\/igh01.worksite.ch\/fr\/wp-json\/wp\/v2\/media?parent=10542"}],"curies":[{"name":"wp","href":"https:\/\/api.w.org\/{rel}","templated":true}]}}