{"id":10589,"date":"2022-09-03T20:24:59","date_gmt":"2022-09-03T18:24:59","guid":{"rendered":"https:\/\/igh01.worksite.ch\/?page_id=10589"},"modified":"2023-03-17T10:58:17","modified_gmt":"2023-03-17T09:58:17","slug":"zustaendigkeiten","status":"publish","type":"page","link":"https:\/\/igh01.worksite.ch\/fr\/services\/support\/zustaendigkeiten\/","title":{"rendered":"Comp\u00e9tences"},"content":{"rendered":"\t\t<div data-elementor-type=\"wp-page\" data-elementor-id=\"10589\" class=\"elementor elementor-10589 elementor-5326\" data-elementor-post-type=\"page\">\n\t\t\t\t<div class=\"elementor-element elementor-element-1ae39ccc e-flex e-con-boxed e-con e-parent\" data-id=\"1ae39ccc\" data-element_type=\"container\" data-e-type=\"container\" data-settings=\"{&quot;background_background&quot;:&quot;classic&quot;}\">\n\t\t\t\t\t<div class=\"e-con-inner\">\n\t\t<div class=\"elementor-element elementor-element-53eb46cf e-con-full e-flex e-con e-parent\" data-id=\"53eb46cf\" data-element_type=\"container\" data-e-type=\"container\" data-settings=\"{&quot;background_background&quot;:&quot;classic&quot;}\">\n\t\t\t\t<div class=\"elementor-element elementor-element-1acdbc0 elementor-invisible elementor-widget elementor-widget-heading\" data-id=\"1acdbc0\" data-element_type=\"widget\" data-e-type=\"widget\" data-settings=\"{&quot;_animation&quot;:&quot;fadeInDown&quot;}\" data-widget_type=\"heading.default\">\n\t\t\t\t\t<h1 class=\"elementor-heading-title elementor-size-default\">Comp\u00e9tences<\/h1>\t\t\t\t<\/div>\n\t\t\t\t<div class=\"elementor-element elementor-element-76ba954f elementor-widget elementor-widget-html\" data-id=\"76ba954f\" data-element_type=\"widget\" data-e-type=\"widget\" data-widget_type=\"html.default\">\n\t\t\t\t\t<nav aria-label=\"breadcrumbs\" class=\"rank-math-breadcrumb\"><p><span class=\"last\">Home<\/span><\/p><\/nav>\t\t\t\t<\/div>\n\t\t\t\t<\/div>\n\t\t\t\t\t<\/div>\n\t\t\t\t<\/div>\n\t\t<div class=\"elementor-element elementor-element-f85d1e9 e-flex e-con-boxed e-con e-parent\" data-id=\"f85d1e9\" data-element_type=\"container\" data-e-type=\"container\" data-settings=\"{&quot;background_background&quot;:&quot;classic&quot;}\">\n\t\t\t\t\t<div class=\"e-con-inner\">\n\t\t<div class=\"elementor-element elementor-element-2d8bf50 e-con-full e-flex e-con e-parent\" data-id=\"2d8bf50\" data-element_type=\"container\" data-e-type=\"container\" data-settings=\"{&quot;background_background&quot;:&quot;classic&quot;}\">\n\t\t<div class=\"elementor-element elementor-element-2ef417f e-flex e-con-boxed e-con e-parent\" data-id=\"2ef417f\" data-element_type=\"container\" data-e-type=\"container\" data-settings=\"{&quot;background_background&quot;:&quot;classic&quot;}\">\n\t\t\t\t\t<div class=\"e-con-inner\">\n\t\t\t\t<div class=\"elementor-element elementor-element-15854c2 elementor-invisible elementor-widget elementor-widget-heading\" data-id=\"15854c2\" data-element_type=\"widget\" data-e-type=\"widget\" data-settings=\"{&quot;_animation&quot;:&quot;fadeInDown&quot;}\" data-widget_type=\"heading.default\">\n\t\t\t\t\t<h2 class=\"elementor-heading-title elementor-size-default\">\"Courrier \u00e9lectronique\"\n<\/h2>\t\t\t\t<\/div>\n\t\t\t\t<div class=\"elementor-element elementor-element-f6eb0f9 elementor-invisible elementor-widget elementor-widget-text-editor\" data-id=\"f6eb0f9\" data-element_type=\"widget\" data-e-type=\"widget\" data-settings=\"{&quot;_animation&quot;:&quot;fadeInDown&quot;,&quot;_animation_delay&quot;:500}\" data-widget_type=\"text-editor.default\">\n\t\t\t\t\t\t\t\t\t<p>L&rsquo;IGH est responsable, au sens d&rsquo;un \u00ab\u00a0facteur \u00e9lectronique\u00a0\u00bb, de la structure standardis\u00e9e et du transport correct des informations entre les membres de l&rsquo;IGH et leurs clients.<\/p><p>En tant qu&rsquo;\u00e9diteur de divers outils pour l&rsquo;\u00e9change B2B et la v\u00e9rification de l&rsquo;exactitude des donn\u00e9es, ce domaine de comp\u00e9tence incombe \u00e9galement \u00e0 l&rsquo;IGH.<\/p><p>Pour toute remarque, suggestion ou question, veuillez vous adresser directement \u00e0 <a title=\"info@igh01.worksite.ch\" href=\"mailto:info@igh01.worksite.ch\" target=\"_blank\" rel=\"noopener\">info@igh01.worksite.ch<\/a>.<\/p>\t\t\t\t\t\t\t\t<\/div>\n\t\t\t\t\t<\/div>\n\t\t\t\t<\/div>\n\t\t\t\t<\/div>\n\t\t<div class=\"elementor-element elementor-element-c6b17a4 e-con-full e-flex e-con e-parent\" data-id=\"c6b17a4\" data-element_type=\"container\" data-e-type=\"container\" data-settings=\"{&quot;background_background&quot;:&quot;classic&quot;}\">\n\t\t<div class=\"elementor-element elementor-element-35b3b00 e-con-full e-flex e-con e-parent\" data-id=\"35b3b00\" data-element_type=\"container\" data-e-type=\"container\" data-settings=\"{&quot;background_background&quot;:&quot;classic&quot;}\">\n\t\t\t\t<div class=\"elementor-element elementor-element-4698636 elementor-widget elementor-widget-image\" data-id=\"4698636\" data-element_type=\"widget\" data-e-type=\"widget\" data-widget_type=\"image.default\">\n\t\t\t\t\t\t\t\t\t\t\t\t\t\t\t<img decoding=\"async\" width=\"1\" height=\"1\" src=\"https:\/\/igh01.worksite.ch\/wp-content\/uploads\/auf-einen-blick.svg\" class=\"attachment-large size-large wp-image-14813\" alt=\"\" \/>\t\t\t\t\t\t\t\t\t\t\t\t\t\t\t<\/div>\n\t\t\t\t<\/div>\n\t\t\t\t<\/div>\n\t\t\t\t\t<\/div>\n\t\t\t\t<\/div>\n\t\t<div class=\"elementor-element elementor-element-5f91461 e-flex e-con-boxed e-con e-parent\" data-id=\"5f91461\" data-element_type=\"container\" data-e-type=\"container\" data-settings=\"{&quot;background_background&quot;:&quot;classic&quot;}\">\n\t\t\t\t\t<div class=\"e-con-inner\">\n\t\t<div class=\"elementor-element elementor-element-16e9dab e-con-full elementor-hidden-mobile e-flex e-con e-parent\" data-id=\"16e9dab\" data-element_type=\"container\" data-e-type=\"container\" data-settings=\"{&quot;background_background&quot;:&quot;classic&quot;}\">\n\t\t\t\t<div class=\"elementor-element elementor-element-6816704 elementor-widget elementor-widget-image\" data-id=\"6816704\" data-element_type=\"widget\" data-e-type=\"widget\" data-widget_type=\"image.default\">\n\t\t\t\t\t\t\t\t\t\t\t\t\t\t\t<img decoding=\"async\" width=\"1\" height=\"1\" src=\"https:\/\/igh01.worksite.ch\/wp-content\/uploads\/igh-fuchs-neues-igh-logo-vektorisiert-1.svg\" class=\"attachment-large size-large wp-image-14821\" alt=\"\" \/>\t\t\t\t\t\t\t\t\t\t\t\t\t\t\t<\/div>\n\t\t\t\t<\/div>\n\t\t<div class=\"elementor-element elementor-element-fd49df0 e-con-full e-flex e-con e-parent\" data-id=\"fd49df0\" data-element_type=\"container\" data-e-type=\"container\" data-settings=\"{&quot;background_background&quot;:&quot;classic&quot;}\">\n\t\t\t\t<div class=\"elementor-element elementor-element-480269b elementor-invisible elementor-widget elementor-widget-heading\" data-id=\"480269b\" data-element_type=\"widget\" data-e-type=\"widget\" data-settings=\"{&quot;_animation&quot;:&quot;fadeInDown&quot;}\" data-widget_type=\"heading.default\">\n\t\t\t\t\t<h2 class=\"elementor-heading-title elementor-size-default\">Maisons de logiciels\n<\/h2>\t\t\t\t<\/div>\n\t\t\t\t<div class=\"elementor-element elementor-element-107b254 elementor-invisible elementor-widget elementor-widget-text-editor\" data-id=\"107b254\" data-element_type=\"widget\" data-e-type=\"widget\" data-settings=\"{&quot;_animation&quot;:&quot;fadeInDown&quot;}\" data-widget_type=\"text-editor.default\">\n\t\t\t\t\t\t\t\t\t<p>Les maisons de logiciels (SWH) sont les \u00e9diteurs de programmes sectoriels (programmes de calcul). Ils sont donc responsables du bon fonctionnement des applications.<\/p>\t\t\t\t\t\t\t\t<\/div>\n\t\t\t\t<div class=\"elementor-element elementor-element-f194b35 elementor-invisible elementor-widget elementor-widget-heading\" data-id=\"f194b35\" data-element_type=\"widget\" data-e-type=\"widget\" data-settings=\"{&quot;_animation&quot;:&quot;fadeInDown&quot;}\" data-widget_type=\"heading.default\">\n\t\t\t\t\t<h2 class=\"elementor-heading-title elementor-size-default\">Fournisseurs<\/h2>\t\t\t\t<\/div>\n\t\t\t\t<div class=\"elementor-element elementor-element-95bddee elementor-invisible elementor-widget elementor-widget-text-editor\" data-id=\"95bddee\" data-element_type=\"widget\" data-e-type=\"widget\" data-settings=\"{&quot;_animation&quot;:&quot;fadeInDown&quot;}\" data-widget_type=\"text-editor.default\">\n\t\t\t\t\t\t\t\t\t<p>La comp\u00e9tence et la responsabilit\u00e9 des informations du catalogue incombent exclusivement \u00e0 l&rsquo;\u00e9diteur du catalogue concern\u00e9 (fournisseur).<\/p>\t\t\t\t\t\t\t\t<\/div>\n\t\t\t\t<div class=\"elementor-element elementor-element-c883ed5 elementor-invisible elementor-widget elementor-widget-heading\" data-id=\"c883ed5\" data-element_type=\"widget\" data-e-type=\"widget\" data-settings=\"{&quot;_animation&quot;:&quot;fadeInDown&quot;}\" data-widget_type=\"heading.default\">\n\t\t\t\t\t<h2 class=\"elementor-heading-title elementor-size-default\">Associations\n<\/h2>\t\t\t\t<\/div>\n\t\t\t\t<div class=\"elementor-element elementor-element-e999ed6 elementor-invisible elementor-widget elementor-widget-text-editor\" data-id=\"e999ed6\" data-element_type=\"widget\" data-e-type=\"widget\" data-settings=\"{&quot;_animation&quot;:&quot;fadeInDown&quot;}\" data-widget_type=\"text-editor.default\">\n\t\t\t\t\t\t\t\t\t<p>Les associations suissetec et EIT.swiss sont responsables des bases de calcul (KG).<\/p>\t\t\t\t\t\t\t\t<\/div>\n\t\t\t\t<\/div>\n\t\t\t\t\t<\/div>\n\t\t\t\t<\/div>\n\t\t\t\t<\/div>\n\t\t","protected":false},"excerpt":{"rendered":"<p>Comp\u00e9tences \u00ab\u00a0Courrier \u00e9lectronique\u00a0\u00bb L&rsquo;IGH est responsable, au sens d&rsquo;un \u00ab\u00a0facteur \u00e9lectronique\u00a0\u00bb, de la structure standardis\u00e9e et du transport correct des informations entre les membres de l&rsquo;IGH et leurs clients. En tant qu&rsquo;\u00e9diteur de divers outils pour l&rsquo;\u00e9change B2B et la v\u00e9rification de l&rsquo;exactitude des donn\u00e9es, ce domaine de comp\u00e9tence incombe \u00e9galement \u00e0 l&rsquo;IGH. Pour toute [&hellip;]<\/p>\n","protected":false},"author":1,"featured_media":0,"parent":10557,"menu_order":1,"comment_status":"closed","ping_status":"closed","template":"","meta":{"footnotes":""},"class_list":["post-10589","page","type-page","status-publish","hentry"],"_links":{"self":[{"href":"https:\/\/igh01.worksite.ch\/fr\/wp-json\/wp\/v2\/pages\/10589","targetHints":{"allow":["GET"]}}],"collection":[{"href":"https:\/\/igh01.worksite.ch\/fr\/wp-json\/wp\/v2\/pages"}],"about":[{"href":"https:\/\/igh01.worksite.ch\/fr\/wp-json\/wp\/v2\/types\/page"}],"author":[{"embeddable":true,"href":"https:\/\/igh01.worksite.ch\/fr\/wp-json\/wp\/v2\/users\/1"}],"replies":[{"embeddable":true,"href":"https:\/\/igh01.worksite.ch\/fr\/wp-json\/wp\/v2\/comments?post=10589"}],"version-history":[{"count":0,"href":"https:\/\/igh01.worksite.ch\/fr\/wp-json\/wp\/v2\/pages\/10589\/revisions"}],"up":[{"embeddable":true,"href":"https:\/\/igh01.worksite.ch\/fr\/wp-json\/wp\/v2\/pages\/10557"}],"wp:attachment":[{"href":"https:\/\/igh01.worksite.ch\/fr\/wp-json\/wp\/v2\/media?parent=10589"}],"curies":[{"name":"wp","href":"https:\/\/api.w.org\/{rel}","templated":true}]}}