{"id":9816,"date":"2022-08-24T21:54:43","date_gmt":"2022-08-24T19:54:43","guid":{"rendered":"https:\/\/igh01.worksite.ch\/?page_id=9816"},"modified":"2023-10-18T13:14:25","modified_gmt":"2023-10-18T11:14:25","slug":"compliance","status":"publish","type":"page","link":"https:\/\/igh01.worksite.ch\/fr\/die-igh\/compliance\/","title":{"rendered":"Conformit\u00e9"},"content":{"rendered":"\t\t<div data-elementor-type=\"wp-page\" data-elementor-id=\"9816\" class=\"elementor elementor-9816 elementor-4382\" data-elementor-post-type=\"page\">\n\t\t\t\t<div class=\"elementor-element elementor-element-df3f639 e-flex e-con-boxed e-con e-parent\" data-id=\"df3f639\" data-element_type=\"container\" data-e-type=\"container\" data-settings=\"{&quot;background_background&quot;:&quot;classic&quot;}\">\n\t\t\t\t\t<div class=\"e-con-inner\">\n\t\t<div class=\"elementor-element elementor-element-0516f21 e-con-full e-flex e-con e-parent\" data-id=\"0516f21\" data-element_type=\"container\" data-e-type=\"container\" data-settings=\"{&quot;background_background&quot;:&quot;classic&quot;}\">\n\t\t\t\t<div class=\"elementor-element elementor-element-5210114 elementor-invisible elementor-widget elementor-widget-heading\" data-id=\"5210114\" data-element_type=\"widget\" data-e-type=\"widget\" data-settings=\"{&quot;_animation&quot;:&quot;fadeInDown&quot;}\" data-widget_type=\"heading.default\">\n\t\t\t\t\t<h1 class=\"elementor-heading-title elementor-size-default\">Conformit\u00e9<\/h1>\t\t\t\t<\/div>\n\t\t\t\t<div class=\"elementor-element elementor-element-5d7cfc1 elementor-widget elementor-widget-html\" data-id=\"5d7cfc1\" data-element_type=\"widget\" data-e-type=\"widget\" data-widget_type=\"html.default\">\n\t\t\t\t\t<nav aria-label=\"breadcrumbs\" class=\"rank-math-breadcrumb\"><p><span class=\"last\">Home<\/span><\/p><\/nav>\t\t\t\t<\/div>\n\t\t\t\t<\/div>\n\t\t\t\t\t<\/div>\n\t\t\t\t<\/div>\n\t\t<div class=\"elementor-element elementor-element-da738f4 e-flex e-con-boxed e-con e-parent\" data-id=\"da738f4\" data-element_type=\"container\" data-e-type=\"container\" data-settings=\"{&quot;background_background&quot;:&quot;classic&quot;}\">\n\t\t\t\t\t<div class=\"e-con-inner\">\n\t\t<div class=\"elementor-element elementor-element-3effad73 e-con-full e-flex e-con e-parent\" data-id=\"3effad73\" data-element_type=\"container\" data-e-type=\"container\" data-settings=\"{&quot;background_background&quot;:&quot;classic&quot;}\">\n\t\t<div class=\"elementor-element elementor-element-7a5ce705 e-flex e-con-boxed e-con e-parent\" data-id=\"7a5ce705\" data-element_type=\"container\" data-e-type=\"container\" data-settings=\"{&quot;background_background&quot;:&quot;classic&quot;}\">\n\t\t\t\t\t<div class=\"e-con-inner\">\n\t\t\t\t<div class=\"elementor-element elementor-element-2b573650 elementor-invisible elementor-widget elementor-widget-heading\" data-id=\"2b573650\" data-element_type=\"widget\" data-e-type=\"widget\" data-settings=\"{&quot;_animation&quot;:&quot;fadeInDown&quot;}\" data-widget_type=\"heading.default\">\n\t\t\t\t\t<h2 class=\"elementor-heading-title elementor-size-default\">R\u00e8gles de conduite<\/h2>\t\t\t\t<\/div>\n\t\t\t\t<div class=\"elementor-element elementor-element-4c7c22c3 elementor-invisible elementor-widget elementor-widget-text-editor\" data-id=\"4c7c22c3\" data-element_type=\"widget\" data-e-type=\"widget\" data-settings=\"{&quot;_animation&quot;:&quot;fadeInDown&quot;,&quot;_animation_delay&quot;:200}\" data-widget_type=\"text-editor.default\">\n\t\t\t\t\t\t\t\t\t<p>Avec la compliance, IGH d\u00e9crit les mesures et les processus mis en place pour garantir la conformit\u00e9 aux r\u00e8gles.<\/p>\t\t\t\t\t\t\t\t<\/div>\n\t\t\t\t<div class=\"elementor-element elementor-element-b6a0115 elementor-invisible elementor-widget elementor-widget-button\" data-id=\"b6a0115\" data-element_type=\"widget\" data-e-type=\"widget\" data-settings=\"{&quot;_animation&quot;:&quot;fadeInDown&quot;}\" data-widget_type=\"button.default\">\n\t\t\t\t\t\t\t\t\t\t<a class=\"elementor-button elementor-button-link elementor-size-sm elementor-animation-grow\" href=\"https:\/\/docs.igh01.worksite.ch\/dokumente\/Compliance_Richtlinien_fr.pdf\" target=\"_blank\">\n\t\t\t\t\t\t<span class=\"elementor-button-content-wrapper\">\n\t\t\t\t\t\t\t\t\t<span class=\"elementor-button-text\">T\u00e9l\u00e9charger Compliance<\/span>\n\t\t\t\t\t<\/span>\n\t\t\t\t\t<\/a>\n\t\t\t\t\t\t\t\t<\/div>\n\t\t\t\t\t<\/div>\n\t\t\t\t<\/div>\n\t\t\t\t<\/div>\n\t\t<div class=\"elementor-element elementor-element-58a8a7a8 e-con-full e-flex e-con e-parent\" data-id=\"58a8a7a8\" data-element_type=\"container\" data-e-type=\"container\" data-settings=\"{&quot;background_background&quot;:&quot;video&quot;,&quot;background_play_on_mobile&quot;:&quot;yes&quot;,&quot;background_video_link&quot;:&quot;https:\\\/\\\/igh01.worksite.ch\\\/wp-content\\\/uploads\\\/2022\\\/11\\\/1280x720_igh-compliance.mp4&quot;}\">\n\t\t<div class=\"elementor-background-video-container\">\n\t\t\t\t\t\t\t<video class=\"elementor-background-video-hosted\" role=\"presentation\" autoplay muted playsinline loop><\/video>\n\t\t\t\t\t<\/div><div class=\"elementor-element elementor-element-1561694d e-con-full e-flex e-con e-parent\" data-id=\"1561694d\" data-element_type=\"container\" data-e-type=\"container\" data-settings=\"{&quot;background_background&quot;:&quot;classic&quot;}\">\n\t\t\t\t<div class=\"elementor-element elementor-element-5d0c273a elementor-widget elementor-widget-image\" data-id=\"5d0c273a\" data-element_type=\"widget\" data-e-type=\"widget\" data-widget_type=\"image.default\">\n\t\t\t\t\t\t\t\t\t\t\t\t\t\t\t<img fetchpriority=\"high\" decoding=\"async\" width=\"576\" height=\"512\" src=\"https:\/\/igh01.worksite.ch\/wp-content\/uploads\/2022\/06\/file-signature1-1.svg\" class=\"attachment-large size-large wp-image-1122\" alt=\"\" \/>\t\t\t\t\t\t\t\t\t\t\t\t\t\t\t<\/div>\n\t\t\t\t<\/div>\n\t\t\t\t<\/div>\n\t\t\t\t\t<\/div>\n\t\t\t\t<\/div>\n\t\t<div class=\"elementor-element elementor-element-381ab8f e-flex e-con-boxed e-con e-parent\" data-id=\"381ab8f\" data-element_type=\"container\" data-e-type=\"container\" data-settings=\"{&quot;background_background&quot;:&quot;classic&quot;}\">\n\t\t\t\t\t<div class=\"e-con-inner\">\n\t\t<div class=\"elementor-element elementor-element-f412b97 e-con-full e-flex e-con e-parent\" data-id=\"f412b97\" data-element_type=\"container\" data-e-type=\"container\" data-settings=\"{&quot;background_background&quot;:&quot;classic&quot;}\">\n\t\t\t\t<div class=\"elementor-element elementor-element-3960a3e elementor-widget elementor-widget-image\" data-id=\"3960a3e\" data-element_type=\"widget\" data-e-type=\"widget\" data-widget_type=\"image.default\">\n\t\t\t\t\t\t\t\t\t\t\t\t\t\t\t<img decoding=\"async\" src=\"https:\/\/igh01.worksite.ch\/wp-content\/uploads\/2022\/09\/igh-fuchs-neues-igh-logo-vektorisiert.svg\" title=\"igh-fuchs-neues-igh-logo-vektorisiert\" alt=\"igh-fuchs-neues-igh-logo-vektorisiert\" loading=\"lazy\" \/>\t\t\t\t\t\t\t\t\t\t\t\t\t\t\t<\/div>\n\t\t\t\t<\/div>\n\t\t<div class=\"elementor-element elementor-element-22e16ad e-con-full e-flex e-con e-parent\" data-id=\"22e16ad\" data-element_type=\"container\" data-e-type=\"container\" data-settings=\"{&quot;background_background&quot;:&quot;classic&quot;}\">\n\t\t\t\t<div class=\"elementor-element elementor-element-be35fd1 elementor-invisible elementor-widget elementor-widget-heading\" data-id=\"be35fd1\" data-element_type=\"widget\" data-e-type=\"widget\" data-settings=\"{&quot;_animation&quot;:&quot;fadeInDown&quot;}\" data-widget_type=\"heading.default\">\n\t\t\t\t\t<h2 class=\"elementor-heading-title elementor-size-default\">Contenu de la compliance IGH\n<\/h2>\t\t\t\t<\/div>\n\t\t\t\t<div class=\"elementor-element elementor-element-ec77234 elementor-invisible elementor-widget elementor-widget-text-editor\" data-id=\"ec77234\" data-element_type=\"widget\" data-e-type=\"widget\" data-settings=\"{&quot;_animation&quot;:&quot;fadeInDown&quot;}\" data-widget_type=\"text-editor.default\">\n\t\t\t\t\t\t\t\t\t<ul><li>Nos valeurs fondamentales<\/li><li>Responsabilit\u00e9 sociale<\/li><li>Environnement, sant\u00e9 et s\u00e9curit\u00e9<\/li><li>Int\u00e9grit\u00e9 et action conforme \u00e0 la loi<\/li><li>Protection des donn\u00e9es, confidentialit\u00e9 et conflits d&rsquo;int\u00e9r\u00eats<\/li><li>Corruption<\/li><li>Respect de la l\u00e9gislation antitrust<\/li><li>Ex\u00e9cution et contr\u00f4le<\/li><\/ul>\t\t\t\t\t\t\t\t<\/div>\n\t\t\t\t<\/div>\n\t\t\t\t\t<\/div>\n\t\t\t\t<\/div>\n\t\t\t\t<\/div>\n\t\t","protected":false},"excerpt":{"rendered":"<p>Conformit\u00e9 R\u00e8gles de conduite Avec la compliance, IGH d\u00e9crit les mesures et les processus mis en place pour garantir la conformit\u00e9 aux r\u00e8gles. T\u00e9l\u00e9charger Compliance Contenu de la compliance IGH Nos valeurs fondamentales Responsabilit\u00e9 sociale Environnement, sant\u00e9 et s\u00e9curit\u00e9 Int\u00e9grit\u00e9 et action conforme \u00e0 la loi Protection des donn\u00e9es, confidentialit\u00e9 et conflits d&rsquo;int\u00e9r\u00eats Corruption Respect [&hellip;]<\/p>\n","protected":false},"author":1,"featured_media":0,"parent":9560,"menu_order":8,"comment_status":"closed","ping_status":"closed","template":"","meta":{"footnotes":""},"class_list":["post-9816","page","type-page","status-publish","hentry"],"_links":{"self":[{"href":"https:\/\/igh01.worksite.ch\/fr\/wp-json\/wp\/v2\/pages\/9816","targetHints":{"allow":["GET"]}}],"collection":[{"href":"https:\/\/igh01.worksite.ch\/fr\/wp-json\/wp\/v2\/pages"}],"about":[{"href":"https:\/\/igh01.worksite.ch\/fr\/wp-json\/wp\/v2\/types\/page"}],"author":[{"embeddable":true,"href":"https:\/\/igh01.worksite.ch\/fr\/wp-json\/wp\/v2\/users\/1"}],"replies":[{"embeddable":true,"href":"https:\/\/igh01.worksite.ch\/fr\/wp-json\/wp\/v2\/comments?post=9816"}],"version-history":[{"count":0,"href":"https:\/\/igh01.worksite.ch\/fr\/wp-json\/wp\/v2\/pages\/9816\/revisions"}],"up":[{"embeddable":true,"href":"https:\/\/igh01.worksite.ch\/fr\/wp-json\/wp\/v2\/pages\/9560"}],"wp:attachment":[{"href":"https:\/\/igh01.worksite.ch\/fr\/wp-json\/wp\/v2\/media?parent=9816"}],"curies":[{"name":"wp","href":"https:\/\/api.w.org\/{rel}","templated":true}]}}