{"id":9952,"date":"2022-08-25T08:33:20","date_gmt":"2022-08-25T06:33:20","guid":{"rendered":"https:\/\/igh01.worksite.ch\/?page_id=9952"},"modified":"2024-09-11T13:23:30","modified_gmt":"2024-09-11T11:23:30","slug":"dokumentation","status":"publish","type":"page","link":"https:\/\/igh01.worksite.ch\/fr\/produkte\/dokumente\/dokumentation\/","title":{"rendered":"Documentation"},"content":{"rendered":"\t\t<div data-elementor-type=\"wp-page\" data-elementor-id=\"9952\" class=\"elementor elementor-9952 elementor-4454\" data-elementor-post-type=\"page\">\n\t\t\t\t<div class=\"elementor-element elementor-element-b8c8483 e-flex e-con-boxed e-con e-parent\" data-id=\"b8c8483\" data-element_type=\"container\" data-e-type=\"container\" data-settings=\"{&quot;background_background&quot;:&quot;classic&quot;}\">\n\t\t\t\t\t<div class=\"e-con-inner\">\n\t\t<div class=\"elementor-element elementor-element-7a14f25 e-con-full e-flex e-con e-child\" data-id=\"7a14f25\" data-element_type=\"container\" data-e-type=\"container\" data-settings=\"{&quot;background_background&quot;:&quot;classic&quot;}\">\n\t\t\t\t<div class=\"elementor-element elementor-element-9f08251 elementor-invisible elementor-widget elementor-widget-heading\" data-id=\"9f08251\" data-element_type=\"widget\" data-e-type=\"widget\" data-settings=\"{&quot;_animation&quot;:&quot;fadeInDown&quot;}\" data-widget_type=\"heading.default\">\n\t\t\t\t\t<h1 class=\"elementor-heading-title elementor-size-default\">Documentation<\/h1>\t\t\t\t<\/div>\n\t\t\t\t<div class=\"elementor-element elementor-element-f5131d3 elementor-widget elementor-widget-html\" data-id=\"f5131d3\" data-element_type=\"widget\" data-e-type=\"widget\" data-widget_type=\"html.default\">\n\t\t\t\t\t<nav aria-label=\"breadcrumbs\" class=\"rank-math-breadcrumb\"><p><span class=\"last\">Home<\/span><\/p><\/nav>\t\t\t\t<\/div>\n\t\t\t\t<\/div>\n\t\t\t\t\t<\/div>\n\t\t\t\t<\/div>\n\t\t<div class=\"elementor-element elementor-element-da738f4 e-flex e-con-boxed e-con e-parent\" data-id=\"da738f4\" data-element_type=\"container\" data-e-type=\"container\" data-settings=\"{&quot;background_background&quot;:&quot;classic&quot;}\">\n\t\t\t\t\t<div class=\"e-con-inner\">\n\t\t<div class=\"elementor-element elementor-element-3effad73 e-con-full e-flex e-con e-child\" data-id=\"3effad73\" data-element_type=\"container\" data-e-type=\"container\" data-settings=\"{&quot;background_background&quot;:&quot;classic&quot;}\">\n\t\t<div class=\"elementor-element elementor-element-7a5ce705 e-flex e-con-boxed e-con e-child\" data-id=\"7a5ce705\" data-element_type=\"container\" data-e-type=\"container\" data-settings=\"{&quot;background_background&quot;:&quot;classic&quot;}\">\n\t\t\t\t\t<div class=\"e-con-inner\">\n\t\t\t\t<div class=\"elementor-element elementor-element-2b573650 elementor-invisible elementor-widget elementor-widget-heading\" data-id=\"2b573650\" data-element_type=\"widget\" data-e-type=\"widget\" data-settings=\"{&quot;_animation&quot;:&quot;fadeInDown&quot;}\" data-widget_type=\"heading.default\">\n\t\t\t\t\t<h3 class=\"elementor-heading-title elementor-size-default\">Description<\/h3>\t\t\t\t<\/div>\n\t\t\t\t<div class=\"elementor-element elementor-element-4c7c22c3 elementor-invisible elementor-widget elementor-widget-text-editor\" data-id=\"4c7c22c3\" data-element_type=\"widget\" data-e-type=\"widget\" data-settings=\"{&quot;_animation&quot;:&quot;fadeInDown&quot;,&quot;_animation_delay&quot;:500}\" data-widget_type=\"text-editor.default\">\n\t\t\t\t\t\t\t\t\t<p>Afin de pouvoir les transmettre de mani\u00e8re optimale aux personnes int\u00e9ress\u00e9es, les produits et services de l&rsquo;IGH ont \u00e9galement besoin d&rsquo;une description d\u00e9taill\u00e9e. Ci-dessous, vous trouverez la documentation correspondante \u00e0 tous les th\u00e8mes de l&rsquo;IGH en allemand, fran\u00e7ais, italien et anglais.<\/p>\t\t\t\t\t\t\t\t<\/div>\n\t\t\t\t\t<\/div>\n\t\t\t\t<\/div>\n\t\t\t\t<\/div>\n\t\t<div class=\"elementor-element elementor-element-58a8a7a8 e-con-full e-flex e-con e-child\" data-id=\"58a8a7a8\" data-element_type=\"container\" data-e-type=\"container\" data-settings=\"{&quot;background_background&quot;:&quot;video&quot;,&quot;background_video_link&quot;:&quot;https:\\\/\\\/igh01.worksite.ch\\\/wp-content\\\/uploads\\\/2022\\\/11\\\/1280x720_igh-software-kommunikation.mp4&quot;,&quot;background_play_on_mobile&quot;:&quot;yes&quot;}\">\n\t\t<div class=\"elementor-background-video-container\">\n\t\t\t\t\t\t\t<video class=\"elementor-background-video-hosted\" role=\"presentation\" autoplay muted playsinline loop><\/video>\n\t\t\t\t\t<\/div><div class=\"elementor-element elementor-element-1561694d e-con-full e-flex e-con e-child\" data-id=\"1561694d\" data-element_type=\"container\" data-e-type=\"container\" data-settings=\"{&quot;background_background&quot;:&quot;classic&quot;}\">\n\t\t\t\t<div class=\"elementor-element elementor-element-5d0c273a elementor-widget elementor-widget-image\" data-id=\"5d0c273a\" data-element_type=\"widget\" data-e-type=\"widget\" data-widget_type=\"image.default\">\n\t\t\t\t\t\t\t\t\t\t\t\t\t\t\t<img fetchpriority=\"high\" decoding=\"async\" width=\"640\" height=\"512\" src=\"https:\/\/igh01.worksite.ch\/wp-content\/uploads\/2022\/06\/book-open-cover1.svg\" class=\"attachment-large size-large wp-image-1161\" alt=\"\" \/>\t\t\t\t\t\t\t\t\t\t\t\t\t\t\t<\/div>\n\t\t\t\t<\/div>\n\t\t\t\t<\/div>\n\t\t\t\t\t<\/div>\n\t\t\t\t<\/div>\n\t\t<div class=\"elementor-element elementor-element-584f13f e-flex e-con-boxed e-con e-parent\" data-id=\"584f13f\" data-element_type=\"container\" data-e-type=\"container\" data-settings=\"{&quot;background_background&quot;:&quot;classic&quot;}\">\n\t\t\t\t\t<div class=\"e-con-inner\">\n\t\t<div class=\"elementor-element elementor-element-07ec0cb e-con-full elementor-hidden-mobile e-flex e-con e-child\" data-id=\"07ec0cb\" data-element_type=\"container\" data-e-type=\"container\" data-settings=\"{&quot;background_background&quot;:&quot;classic&quot;}\">\n\t\t\t\t<div class=\"elementor-element elementor-element-a01458b elementor-widget__width-initial elementor-widget elementor-widget-image\" data-id=\"a01458b\" data-element_type=\"widget\" data-e-type=\"widget\" data-widget_type=\"image.default\">\n\t\t\t\t\t\t\t\t\t\t\t\t\t\t\t<img decoding=\"async\" width=\"892\" height=\"435\" src=\"https:\/\/igh01.worksite.ch\/wp-content\/uploads\/2022\/09\/igh-fuchs-2-menschen-flipboard-superman.svg\" class=\"attachment-full size-full wp-image-5973\" alt=\"\" \/>\t\t\t\t\t\t\t\t\t\t\t\t\t\t\t<\/div>\n\t\t\t\t<\/div>\n\t\t<div class=\"elementor-element elementor-element-6f601ec e-con-full e-flex e-con e-child\" data-id=\"6f601ec\" data-element_type=\"container\" data-e-type=\"container\" data-settings=\"{&quot;background_background&quot;:&quot;classic&quot;}\">\n\t\t\t\t<div class=\"elementor-element elementor-element-3dfee98 elementor-invisible elementor-widget elementor-widget-heading\" data-id=\"3dfee98\" data-element_type=\"widget\" data-e-type=\"widget\" data-settings=\"{&quot;_animation&quot;:&quot;fadeInDown&quot;}\" data-widget_type=\"heading.default\">\n\t\t\t\t\t<h2 class=\"elementor-heading-title elementor-size-default\">Domaines de la documentation\n<\/h2>\t\t\t\t<\/div>\n\t\t\t\t<div class=\"elementor-element elementor-element-eb324ad elementor-widget__width-initial elementor-invisible elementor-widget elementor-widget-text-editor\" data-id=\"eb324ad\" data-element_type=\"widget\" data-e-type=\"widget\" data-settings=\"{&quot;_animation&quot;:&quot;fadeInDown&quot;}\" data-widget_type=\"text-editor.default\">\n\t\t\t\t\t\t\t\t\t<p>Les documentations servent \u00e0 la mise en \u0153uvre des produits et services IGH. Elles s&rsquo;adressent en particulier aux d\u00e9veloppeurs des partenaires logiciels et aux clients.<\/p><p>Tous les documents mentionn\u00e9s sur cette page peuvent \u00e9galement \u00eatre consult\u00e9s dans les domaines th\u00e9matiques mentionn\u00e9s ci-dessous :<\/p>\t\t\t\t\t\t\t\t<\/div>\n\t\t\t\t<div class=\"elementor-element elementor-element-952d73a elementor-invisible elementor-widget elementor-widget-text-editor\" data-id=\"952d73a\" data-element_type=\"widget\" data-e-type=\"widget\" data-settings=\"{&quot;_animation&quot;:&quot;fadeInDown&quot;}\" data-widget_type=\"text-editor.default\">\n\t\t\t\t\t\t\t\t\t<ul>\n \t<li><a title=\"Catalogues\" href=\"https:\/\/igh01.worksite.ch\/fr\/produkte\/dokumente\/kataloge-dataexpert\/\" target=\"_blank\" rel=\"noopener\">Catalogues<\/a><\/li>\n \t<li><a title=\"Processus\" href=\"https:\/\/igh01.worksite.ch\/fr\/produkte\/dokumente\/prozesse\/\" target=\"_blank\" rel=\"noopener\">Processus<\/a><\/li>\n \t<li><a title=\"DataExpert\u00ae\" href=\"https:\/\/igh01.worksite.ch\/fr\/produkte\/dokumente\/dataexpert\/\" target=\"_blank\" rel=\"noopener\">DataExpert<sup>\u00ae<\/sup><\/a><\/li>\n \t<li><a title=\"IGH451\" href=\"https:\/\/igh01.worksite.ch\/fr\/produkte\/dokumente\/igh451\/\" target=\"_blank\" rel=\"noopener\">IGH451<\/a><\/li>\n \t<li><a title=\"conditions clients individuelles\" href=\"https:\/\/igh01.worksite.ch\/fr\/produkte\/dokumente\/ikk-individuelle-kundenkonditionen\/\" target=\"_blank\" rel=\"noopener\">ikk<\/a><\/li>\n \t<li><a title=\"Factures \u00e9lectroniques\" href=\"https:\/\/igh01.worksite.ch\/fr\/produkte\/dokumente\/e-rechnungen\/\" target=\"_blank\" rel=\"noopener\">Factures \u00e9lectroniques<\/a><\/li>\n \t<li><a title=\"Services web\" href=\"https:\/\/igh01.worksite.ch\/fr\/produkte\/dokumente\/webservices\/\" target=\"_blank\" rel=\"noopener\">Services web<\/a><\/li>\n \t<li><a title=\"Applications web\" href=\"https:\/\/igh01.worksite.ch\/fr\/produkte\/dokumente\/webapplikationen\/\" target=\"_blank\" rel=\"noopener\">Applications web<\/a><\/li>\n \t<li><a title=\"MobileApps\" href=\"https:\/\/igh01.worksite.ch\/fr\/produkte\/dokumente\/mobileapps\/\" target=\"_blank\" rel=\"noopener\">MobileApps<\/a><\/li>\n<\/ul>\t\t\t\t\t\t\t\t<\/div>\n\t\t\t\t<\/div>\n\t\t\t\t\t<\/div>\n\t\t\t\t<\/div>\n\t\t<div class=\"elementor-element elementor-element-173b079 e-flex e-con-boxed e-con e-parent\" data-id=\"173b079\" data-element_type=\"container\" data-e-type=\"container\" data-settings=\"{&quot;background_background&quot;:&quot;classic&quot;}\">\n\t\t\t\t\t<div class=\"e-con-inner\">\n\t\t<div class=\"elementor-element elementor-element-0300fae e-con-full e-flex e-con e-child\" data-id=\"0300fae\" data-element_type=\"container\" data-e-type=\"container\" data-settings=\"{&quot;background_background&quot;:&quot;classic&quot;}\">\n\t\t\t\t<div class=\"elementor-element elementor-element-dc379cb elementor-widget elementor-widget-html\" data-id=\"dc379cb\" data-element_type=\"widget\" data-e-type=\"widget\" data-widget_type=\"html.default\">\n\t\t\t\t\t<div id=\"iframeigh\"><\/div>\n \n<script type=\"text\/javascript\" src=\"https:\/\/docs.igh01.worksite.ch\/js\/pym.js\"><\/script>\n<script>var currentUrl = window.location.href;\n    var urlSearch = currentUrl.split('?')[1];\n    if ( urlSearch == undefined ) { urlSearch = \"\" }\n    var pymParent = new pym.Parent('iframeigh', 'https:\/\/docs.igh01.worksite.ch\/seiten\/documente000000_fr.html?search='+urlSearch, {});<\/script>\t\t\t\t<\/div>\n\t\t\t\t<\/div>\n\t\t\t\t\t<\/div>\n\t\t\t\t<\/div>\n\t\t\t\t<\/div>\n\t\t","protected":false},"excerpt":{"rendered":"<p>Documentation Description Afin de pouvoir les transmettre de mani\u00e8re optimale aux personnes int\u00e9ress\u00e9es, les produits et services de l&rsquo;IGH ont \u00e9galement besoin d&rsquo;une description d\u00e9taill\u00e9e. Ci-dessous, vous trouverez la documentation correspondante \u00e0 tous les th\u00e8mes de l&rsquo;IGH en allemand, fran\u00e7ais, italien et anglais. Domaines de la documentation Les documentations servent \u00e0 la mise en \u0153uvre [&hellip;]<\/p>\n","protected":false},"author":1,"featured_media":0,"parent":9937,"menu_order":0,"comment_status":"closed","ping_status":"closed","template":"","meta":{"footnotes":""},"class_list":["post-9952","page","type-page","status-publish","hentry"],"_links":{"self":[{"href":"https:\/\/igh01.worksite.ch\/fr\/wp-json\/wp\/v2\/pages\/9952","targetHints":{"allow":["GET"]}}],"collection":[{"href":"https:\/\/igh01.worksite.ch\/fr\/wp-json\/wp\/v2\/pages"}],"about":[{"href":"https:\/\/igh01.worksite.ch\/fr\/wp-json\/wp\/v2\/types\/page"}],"author":[{"embeddable":true,"href":"https:\/\/igh01.worksite.ch\/fr\/wp-json\/wp\/v2\/users\/1"}],"replies":[{"embeddable":true,"href":"https:\/\/igh01.worksite.ch\/fr\/wp-json\/wp\/v2\/comments?post=9952"}],"version-history":[{"count":0,"href":"https:\/\/igh01.worksite.ch\/fr\/wp-json\/wp\/v2\/pages\/9952\/revisions"}],"up":[{"embeddable":true,"href":"https:\/\/igh01.worksite.ch\/fr\/wp-json\/wp\/v2\/pages\/9937"}],"wp:attachment":[{"href":"https:\/\/igh01.worksite.ch\/fr\/wp-json\/wp\/v2\/media?parent=9952"}],"curies":[{"name":"wp","href":"https:\/\/api.w.org\/{rel}","templated":true}]}}