{"id":10101,"date":"2022-11-23T09:48:20","date_gmt":"2022-11-23T08:48:20","guid":{"rendered":"https:\/\/igh01.worksite.ch\/?page_id=10101"},"modified":"2024-09-11T13:26:40","modified_gmt":"2024-09-11T11:26:40","slug":"mobileapps","status":"publish","type":"page","link":"https:\/\/igh01.worksite.ch\/it\/produkte\/dokumente\/mobileapps\/","title":{"rendered":"Applicazioni mobili"},"content":{"rendered":"\t\t<div data-elementor-type=\"wp-page\" data-elementor-id=\"10101\" class=\"elementor elementor-10101 elementor-8191\" data-elementor-post-type=\"page\">\n\t\t\t\t<div class=\"elementor-element elementor-element-eec0e92 e-flex e-con-boxed e-con e-parent\" data-id=\"eec0e92\" data-element_type=\"container\" data-e-type=\"container\" data-settings=\"{&quot;background_background&quot;:&quot;classic&quot;}\">\n\t\t\t\t\t<div class=\"e-con-inner\">\n\t\t<div class=\"elementor-element elementor-element-0aa66a0 e-con-full e-flex e-con e-child\" data-id=\"0aa66a0\" data-element_type=\"container\" data-e-type=\"container\" data-settings=\"{&quot;background_background&quot;:&quot;classic&quot;}\">\n\t\t\t\t<div class=\"elementor-element elementor-element-6f36b3a elementor-invisible elementor-widget elementor-widget-heading\" data-id=\"6f36b3a\" data-element_type=\"widget\" data-e-type=\"widget\" data-settings=\"{&quot;_animation&quot;:&quot;fadeInDown&quot;}\" data-widget_type=\"heading.default\">\n\t\t\t\t\t<h1 class=\"elementor-heading-title elementor-size-default\">Applicazioni mobili<\/h1>\t\t\t\t<\/div>\n\t\t\t\t<div class=\"elementor-element elementor-element-6474461 elementor-widget elementor-widget-html\" data-id=\"6474461\" data-element_type=\"widget\" data-e-type=\"widget\" data-widget_type=\"html.default\">\n\t\t\t\t\t<nav aria-label=\"breadcrumbs\" class=\"rank-math-breadcrumb\"><p><span class=\"last\">Home<\/span><\/p><\/nav>\t\t\t\t<\/div>\n\t\t\t\t<\/div>\n\t\t\t\t\t<\/div>\n\t\t\t\t<\/div>\n\t\t<div class=\"elementor-element elementor-element-da738f4 e-flex e-con-boxed e-con e-parent\" data-id=\"da738f4\" data-element_type=\"container\" data-e-type=\"container\" data-settings=\"{&quot;background_background&quot;:&quot;classic&quot;}\">\n\t\t\t\t\t<div class=\"e-con-inner\">\n\t\t<div class=\"elementor-element elementor-element-3effad73 e-con-full e-flex e-con e-child\" data-id=\"3effad73\" data-element_type=\"container\" data-e-type=\"container\" data-settings=\"{&quot;background_background&quot;:&quot;classic&quot;}\">\n\t\t<div class=\"elementor-element elementor-element-7a5ce705 e-flex e-con-boxed e-con e-child\" data-id=\"7a5ce705\" data-element_type=\"container\" data-e-type=\"container\" data-settings=\"{&quot;background_background&quot;:&quot;classic&quot;}\">\n\t\t\t\t\t<div class=\"e-con-inner\">\n\t\t\t\t<div class=\"elementor-element elementor-element-2b573650 elementor-invisible elementor-widget elementor-widget-heading\" data-id=\"2b573650\" data-element_type=\"widget\" data-e-type=\"widget\" data-settings=\"{&quot;_animation&quot;:&quot;fadeInDown&quot;}\" data-widget_type=\"heading.default\">\n\t\t\t\t\t<h2 class=\"elementor-heading-title elementor-size-default\">In viaggio con i dati\n<\/h2>\t\t\t\t<\/div>\n\t\t\t\t<div class=\"elementor-element elementor-element-4c7c22c3 elementor-invisible elementor-widget elementor-widget-text-editor\" data-id=\"4c7c22c3\" data-element_type=\"widget\" data-e-type=\"widget\" data-settings=\"{&quot;_animation&quot;:&quot;fadeInDown&quot;,&quot;_animation_delay&quot;:500}\" data-widget_type=\"text-editor.default\">\n\t\t\t\t\t\t\t\t\t<p>I dati e i processi sono disponibili anche in cantiere o durante le visite ai clienti. Tutti gli interessati hanno la possibilit\u00e0 di scaricare gratuitamente la IGH ScanApp sul proprio dispositivo.<\/p>\t\t\t\t\t\t\t\t<\/div>\n\t\t\t\t\t<\/div>\n\t\t\t\t<\/div>\n\t\t\t\t<\/div>\n\t\t<div class=\"elementor-element elementor-element-58a8a7a8 e-con-full e-flex e-con e-child\" data-id=\"58a8a7a8\" data-element_type=\"container\" data-e-type=\"container\" data-settings=\"{&quot;background_background&quot;:&quot;video&quot;,&quot;background_video_link&quot;:&quot;https:\\\/\\\/igh01.worksite.ch\\\/wp-content\\\/uploads\\\/2022\\\/11\\\/1280x720_igh-software-kommunikation.mp4&quot;,&quot;background_play_on_mobile&quot;:&quot;yes&quot;}\">\n\t\t<div class=\"elementor-background-video-container\">\n\t\t\t\t\t\t\t<video class=\"elementor-background-video-hosted\" role=\"presentation\" autoplay muted playsinline loop><\/video>\n\t\t\t\t\t<\/div><div class=\"elementor-element elementor-element-1561694d e-con-full e-flex e-con e-child\" data-id=\"1561694d\" data-element_type=\"container\" data-e-type=\"container\" data-settings=\"{&quot;background_background&quot;:&quot;classic&quot;}\">\n\t\t\t\t<div class=\"elementor-element elementor-element-5d0c273a elementor-widget elementor-widget-image\" data-id=\"5d0c273a\" data-element_type=\"widget\" data-e-type=\"widget\" data-widget_type=\"image.default\">\n\t\t\t\t\t\t\t\t\t\t\t\t\t\t\t<img fetchpriority=\"high\" decoding=\"async\" width=\"384\" height=\"512\" src=\"https:\/\/igh01.worksite.ch\/wp-content\/uploads\/2022\/06\/mobile1.svg\" class=\"attachment-large size-large wp-image-1186\" alt=\"\" \/>\t\t\t\t\t\t\t\t\t\t\t\t\t\t\t<\/div>\n\t\t\t\t<\/div>\n\t\t\t\t<\/div>\n\t\t\t\t\t<\/div>\n\t\t\t\t<\/div>\n\t\t<div class=\"elementor-element elementor-element-e3b0f00 e-flex e-con-boxed e-con e-parent\" data-id=\"e3b0f00\" data-element_type=\"container\" data-e-type=\"container\" data-settings=\"{&quot;background_background&quot;:&quot;classic&quot;}\">\n\t\t\t\t\t<div class=\"e-con-inner\">\n\t\t<div class=\"elementor-element elementor-element-bc7c6ff e-con-full e-flex e-con e-child\" data-id=\"bc7c6ff\" data-element_type=\"container\" data-e-type=\"container\">\n\t\t\t\t<div class=\"elementor-element elementor-element-9a1b498 elementor-widget elementor-widget-image\" data-id=\"9a1b498\" data-element_type=\"widget\" data-e-type=\"widget\" data-widget_type=\"image.default\">\n\t\t\t\t\t\t\t\t\t\t\t\t\t\t\t<img decoding=\"async\" width=\"748\" height=\"332\" src=\"https:\/\/igh01.worksite.ch\/wp-content\/uploads\/2023\/03\/igh-fuchs-tisch-computer-und-4-haende-1.svg\" class=\"attachment-large size-large wp-image-12731\" alt=\"\" \/>\t\t\t\t\t\t\t\t\t\t\t\t\t\t\t<\/div>\n\t\t\t\t<\/div>\n\t\t<div class=\"elementor-element elementor-element-82c59b4 e-con-full e-flex e-con e-child\" data-id=\"82c59b4\" data-element_type=\"container\" data-e-type=\"container\">\n\t\t\t\t<div class=\"elementor-element elementor-element-8052193 elementor-invisible elementor-widget elementor-widget-heading\" data-id=\"8052193\" data-element_type=\"widget\" data-e-type=\"widget\" data-settings=\"{&quot;_animation&quot;:&quot;fadeInDown&quot;}\" data-widget_type=\"heading.default\">\n\t\t\t\t\t<h2 class=\"elementor-heading-title elementor-size-default\">ScanApp<\/h2>\t\t\t\t<\/div>\n\t\t\t\t<div class=\"elementor-element elementor-element-a12b6d4 elementor-invisible elementor-widget elementor-widget-text-editor\" data-id=\"a12b6d4\" data-element_type=\"widget\" data-e-type=\"widget\" data-settings=\"{&quot;_animation&quot;:&quot;fadeInDown&quot;}\" data-widget_type=\"text-editor.default\">\n\t\t\t\t\t\t\t\t\t<p>La ScanApp (nota anche come app per gli ordini di magazzino) consente una scansione efficiente dei prodotti, ad esempio per il controllo del magazzino di minuteria. I prodotti scansionati vengono trasferiti a <a title=\"DataSelect.ch\" href=\"https:\/\/www.dataselect.ch\/\" target=\"_blank\" rel=\"noopener\">DataSelect.ch<\/a>, dove vengono assegnati a un fornitore e ordinati direttamente.<\/p>\t\t\t\t\t\t\t\t<\/div>\n\t\t\t\t<div class=\"elementor-element elementor-element-a57eb76 elementor-invisible elementor-widget elementor-widget-heading\" data-id=\"a57eb76\" data-element_type=\"widget\" data-e-type=\"widget\" data-settings=\"{&quot;_animation&quot;:&quot;fadeInDown&quot;}\" data-widget_type=\"heading.default\">\n\t\t\t\t\t<h2 class=\"elementor-heading-title elementor-size-default\">DataSelectApp<\/h2>\t\t\t\t<\/div>\n\t\t\t\t<div class=\"elementor-element elementor-element-0896985 elementor-invisible elementor-widget elementor-widget-text-editor\" data-id=\"0896985\" data-element_type=\"widget\" data-e-type=\"widget\" data-settings=\"{&quot;_animation&quot;:&quot;fadeInDown&quot;}\" data-widget_type=\"text-editor.default\">\n\t\t\t\t\t\t\t\t\t<p>DataSelectApp non \u00e8 pi\u00f9 supportata. I clienti che hanno gi\u00e0 scaricato l&#8217;app possono continuare a utilizzarla. DataSelectApp non pu\u00f2 pi\u00f9 essere scaricata da Google Playstore o AppleStore.<\/p>\t\t\t\t\t\t\t\t<\/div>\n\t\t\t\t<\/div>\n\t\t\t\t\t<\/div>\n\t\t\t\t<\/div>\n\t\t<div class=\"elementor-element elementor-element-5a87b44 e-flex e-con-boxed e-con e-parent\" data-id=\"5a87b44\" data-element_type=\"container\" data-e-type=\"container\" data-settings=\"{&quot;background_background&quot;:&quot;classic&quot;}\">\n\t\t\t\t\t<div class=\"e-con-inner\">\n\t\t<div class=\"elementor-element elementor-element-eeecbcb e-con-full e-flex e-con e-child\" data-id=\"eeecbcb\" data-element_type=\"container\" data-e-type=\"container\" data-settings=\"{&quot;background_background&quot;:&quot;classic&quot;}\">\n\t\t\t\t<div class=\"elementor-element elementor-element-92123e1 elementor-widget elementor-widget-html\" data-id=\"92123e1\" data-element_type=\"widget\" data-e-type=\"widget\" data-widget_type=\"html.default\">\n\t\t\t\t\t<div id=\"iframeigh\"><\/div>\n    \n<script type=\"text\/javascript\" src=\"https:\/\/docs.igh01.worksite.ch\/js\/pym.js\"><\/script>\n<script>var pymParent = new pym.Parent('iframeigh', 'https:\/\/docs.igh01.worksite.ch\/seiten\/documente090000_it.html', {});<\/script>\t\t\t\t<\/div>\n\t\t\t\t<\/div>\n\t\t\t\t\t<\/div>\n\t\t\t\t<\/div>\n\t\t\t\t<\/div>\n\t\t","protected":false},"excerpt":{"rendered":"<p>Applicazioni mobili In viaggio con i dati I dati e i processi sono disponibili anche in cantiere o durante le visite ai clienti. Tutti gli interessati hanno la possibilit\u00e0 di scaricare gratuitamente la IGH ScanApp sul proprio dispositivo. ScanApp La ScanApp (nota anche come app per gli ordini di magazzino) consente una scansione efficiente dei [&hellip;]<\/p>\n","protected":false},"author":1,"featured_media":0,"parent":9938,"menu_order":9,"comment_status":"closed","ping_status":"closed","template":"","meta":{"footnotes":""},"class_list":["post-10101","page","type-page","status-publish","hentry"],"_links":{"self":[{"href":"https:\/\/igh01.worksite.ch\/it\/wp-json\/wp\/v2\/pages\/10101","targetHints":{"allow":["GET"]}}],"collection":[{"href":"https:\/\/igh01.worksite.ch\/it\/wp-json\/wp\/v2\/pages"}],"about":[{"href":"https:\/\/igh01.worksite.ch\/it\/wp-json\/wp\/v2\/types\/page"}],"author":[{"embeddable":true,"href":"https:\/\/igh01.worksite.ch\/it\/wp-json\/wp\/v2\/users\/1"}],"replies":[{"embeddable":true,"href":"https:\/\/igh01.worksite.ch\/it\/wp-json\/wp\/v2\/comments?post=10101"}],"version-history":[{"count":0,"href":"https:\/\/igh01.worksite.ch\/it\/wp-json\/wp\/v2\/pages\/10101\/revisions"}],"up":[{"embeddable":true,"href":"https:\/\/igh01.worksite.ch\/it\/wp-json\/wp\/v2\/pages\/9938"}],"wp:attachment":[{"href":"https:\/\/igh01.worksite.ch\/it\/wp-json\/wp\/v2\/media?parent=10101"}],"curies":[{"name":"wp","href":"https:\/\/api.w.org\/{rel}","templated":true}]}}